{"id":6058,"date":"2025-07-17T17:37:24","date_gmt":"2025-07-17T15:37:24","guid":{"rendered":"https:\/\/www.francmobiliari.com\/producto\/mesas-serie-t-work\/"},"modified":"2025-09-11T18:16:46","modified_gmt":"2025-09-11T16:16:46","slug":"mesas-serie-t-work","status":"publish","type":"product","link":"https:\/\/www.francmobiliari.com\/es\/producto\/mesas-serie-t-work\/","title":{"rendered":"MESAS SERIE T-WORK"},"content":{"rendered":false,"protected":false},"excerpt":{"rendered":"<p>Estructura met\u00e1lica, con patas en forma de T invertida, para la subida de cableado.<\/p>\n<ul>\n<li><a style=\"color: var(--wd-text-color);\" href=\"https:\/\/www.francmobiliari.com\/wp-content\/uploads\/2022\/11\/FITXA-TECNICA-SERIE-T-WORK.pdf\" target=\"_blank\" rel=\"noopener\">FICHA T\u00c9CNICA SERIE T-WORK<\/a><\/li>\n<li><a style=\"color: var(--wd-text-color);\" href=\"https:\/\/www.francmobiliari.com\/wp-content\/uploads\/2022\/11\/CATALEG-SERIE-T-WORK.pdf\" target=\"_blank\" rel=\"noopener\">CAT\u00c1LOGO SERIE T-WORK<\/a><\/li>\n<\/ul>\n<p>Mesas fabricadas con estructura en forma de \u201cT\u201d con tubo de 50 \u00d7 30 mm para columnas verticales y tubo de 50 \u00d7 20 mm para travesa\u00f1os horizontales y base al suelo, de 2 mm de grosor. Doble viga central bajo el sobre. Columna vertical con embellecedor \u201cTechline\u201d que permite la subida de cableado. Doble viga central bajo el sobre para unir los laterales. Niveladores para regular la altura \u00b1 12 mm.<\/p>\n<p>Los sobres de mesa elaborados con:<\/p>\n<ul>\n<li>Tablero de melamina de 19 mm o 30 mm de grosor, chapado con canto de PVC de 2 mm.<\/li>\n<li>Tablero de chapa de madera natural sobre aglomerado de 19 mm de grosor.<\/li>\n<\/ul>\n<p>Fald\u00f3n opcional en melamina, met\u00e1lico o madera chapada natural.<\/p>\n<p>ACABADOS ESTRUCTURA Y FALDONES MET\u00c1LICOS: Aluminio Texturizado, Blanco y Negro Mate.<\/p>\n<p>ACABADOS DE SOBRES Y FALDONES:<\/p>\n<p>MELAMINA: Blanco, Gris, Aluminio, Arce Americano, Negro Mate, Roble, Roble Aurora, Roble Azabache o Nogal Siena.<\/p>\n<p>CHAPA DE MADERA: Roble, \u00c9bano o Teca.<\/p>\n<ul style=\"list-style: none;\">\n<li><\/li>\n<\/ul>\n<ul style=\"list-style: none;\">\n<li><\/li>\n<\/ul>\n","protected":false},"featured_media":1798,"template":"","meta":{"_acf_changed":false,"inline_featured_image":false,"_genesis_hide_title":false,"_genesis_hide_breadcrumbs":false,"_genesis_hide_singular_image":false,"_genesis_hide_footer_widgets":false,"_genesis_custom_body_class":"","_genesis_custom_post_class":"","_genesis_layout":"","_links_to":"","_links_to_target":""},"product_brand":[],"product_cat":[71],"product_tag":[],"class_list":{"0":"post-6058","1":"product","2":"type-product","3":"status-publish","4":"has-post-thumbnail","6":"product_cat-mesas-operativas","7":"entry","9":"first","10":"instock","11":"shipping-taxable","12":"product-type-simple"},"acf":[],"yoast_head":"<!-- This site is optimized with the Yoast SEO plugin v26.2 - https:\/\/yoast.com\/wordpress\/plugins\/seo\/ -->\n<title>MESAS SERIE T-WORK - francmobiliari.com<\/title>\n<meta name=\"robots\" content=\"index, follow, max-snippet:-1, max-image-preview:large, max-video-preview:-1\" \/>\n<link rel=\"canonical\" href=\"https:\/\/www.francmobiliari.com\/es\/producto\/mesas-serie-t-work\/\" \/>\n<meta property=\"og:locale\" content=\"es_ES\" \/>\n<meta property=\"og:type\" content=\"article\" \/>\n<meta property=\"og:title\" content=\"MESAS SERIE T-WORK - francmobiliari.com\" \/>\n<meta property=\"og:description\" content=\"Estructura met\u00e1lica, con patas en forma de T invertida, para la subida de cableado.   FICHA T\u00c9CNICA SERIE T-WORK  CAT\u00c1LOGO SERIE T-WORK  Mesas fabricadas con estructura en forma de \u201cT\u201d con tubo de 50 \u00d7 30 mm para columnas verticales y tubo de 50 \u00d7 20 mm para travesa\u00f1os horizontales y base al suelo, de 2 mm de grosor. Doble viga central bajo el sobre. Columna vertical con embellecedor \u201cTechline\u201d que permite la subida de cableado. Doble viga central bajo el sobre para unir los laterales. Niveladores para regular la altura \u00b1 12 mm.  Los sobres de mesa elaborados con:   Tablero de melamina de 19 mm o 30 mm de grosor, chapado con canto de PVC de 2 mm.  Tablero de chapa de madera natural sobre aglomerado de 19 mm de grosor.  Fald\u00f3n opcional en melamina, met\u00e1lico o madera chapada natural.  ACABADOS ESTRUCTURA Y FALDONES MET\u00c1LICOS: Aluminio Texturizado, Blanco y Negro Mate.  ACABADOS DE SOBRES Y FALDONES:  MELAMINA: Blanco, Gris, Aluminio, Arce Americano, Negro Mate, Roble, Roble Aurora, Roble Azabache o Nogal Siena.  CHAPA DE MADERA: Roble, \u00c9bano o Teca.\" \/>\n<meta property=\"og:url\" content=\"https:\/\/www.francmobiliari.com\/es\/producto\/mesas-serie-t-work\/\" \/>\n<meta property=\"og:site_name\" content=\"francmobiliari.com\" \/>\n<meta property=\"article:modified_time\" content=\"2025-09-11T16:16:46+00:00\" \/>\n<meta property=\"og:image\" content=\"https:\/\/www.francmobiliari.com\/wp-content\/uploads\/2025\/07\/MINIATURA-TAULA-T-WORK-1.jpg\" \/>\n\t<meta property=\"og:image:width\" content=\"1180\" \/>\n\t<meta property=\"og:image:height\" content=\"805\" \/>\n\t<meta property=\"og:image:type\" content=\"image\/jpeg\" \/>\n<meta name=\"twitter:card\" content=\"summary_large_image\" \/>\n<script type=\"application\/ld+json\" class=\"yoast-schema-graph\">{\"@context\":\"https:\/\/schema.org\",\"@graph\":[{\"@type\":\"WebPage\",\"@id\":\"https:\/\/www.francmobiliari.com\/es\/producto\/mesas-serie-t-work\/\",\"url\":\"https:\/\/www.francmobiliari.com\/es\/producto\/mesas-serie-t-work\/\",\"name\":\"MESAS SERIE T-WORK - francmobiliari.com\",\"isPartOf\":{\"@id\":\"https:\/\/www.francmobiliari.com\/#website\"},\"primaryImageOfPage\":{\"@id\":\"https:\/\/www.francmobiliari.com\/es\/producto\/mesas-serie-t-work\/#primaryimage\"},\"image\":{\"@id\":\"https:\/\/www.francmobiliari.com\/es\/producto\/mesas-serie-t-work\/#primaryimage\"},\"thumbnailUrl\":\"https:\/\/www.francmobiliari.com\/wp-content\/uploads\/2025\/07\/MINIATURA-TAULA-T-WORK-1.jpg\",\"datePublished\":\"2025-07-17T15:37:24+00:00\",\"dateModified\":\"2025-09-11T16:16:46+00:00\",\"breadcrumb\":{\"@id\":\"https:\/\/www.francmobiliari.com\/es\/producto\/mesas-serie-t-work\/#breadcrumb\"},\"inLanguage\":\"es\",\"potentialAction\":[{\"@type\":\"ReadAction\",\"target\":[\"https:\/\/www.francmobiliari.com\/es\/producto\/mesas-serie-t-work\/\"]}]},{\"@type\":\"ImageObject\",\"inLanguage\":\"es\",\"@id\":\"https:\/\/www.francmobiliari.com\/es\/producto\/mesas-serie-t-work\/#primaryimage\",\"url\":\"https:\/\/www.francmobiliari.com\/wp-content\/uploads\/2025\/07\/MINIATURA-TAULA-T-WORK-1.jpg\",\"contentUrl\":\"https:\/\/www.francmobiliari.com\/wp-content\/uploads\/2025\/07\/MINIATURA-TAULA-T-WORK-1.jpg\",\"width\":1180,\"height\":805},{\"@type\":\"BreadcrumbList\",\"@id\":\"https:\/\/www.francmobiliari.com\/es\/producto\/mesas-serie-t-work\/#breadcrumb\",\"itemListElement\":[{\"@type\":\"ListItem\",\"position\":1,\"name\":\"Portada\",\"item\":\"https:\/\/www.francmobiliari.com\/es\/inicio\/\"},{\"@type\":\"ListItem\",\"position\":2,\"name\":\"Tienda\",\"item\":\"https:\/\/www.francmobiliari.com\/es\/tienda\/\"},{\"@type\":\"ListItem\",\"position\":3,\"name\":\"MESAS SERIE T-WORK\"}]},{\"@type\":\"WebSite\",\"@id\":\"https:\/\/www.francmobiliari.com\/#website\",\"url\":\"https:\/\/www.francmobiliari.com\/\",\"name\":\"francmobiliari.com\",\"description\":\"\",\"publisher\":{\"@id\":\"https:\/\/www.francmobiliari.com\/#organization\"},\"potentialAction\":[{\"@type\":\"SearchAction\",\"target\":{\"@type\":\"EntryPoint\",\"urlTemplate\":\"https:\/\/www.francmobiliari.com\/?s={search_term_string}\"},\"query-input\":{\"@type\":\"PropertyValueSpecification\",\"valueRequired\":true,\"valueName\":\"search_term_string\"}}],\"inLanguage\":\"es\"},{\"@type\":\"Organization\",\"@id\":\"https:\/\/www.francmobiliari.com\/#organization\",\"name\":\"francmobiliari.com\",\"url\":\"https:\/\/www.francmobiliari.com\/\",\"logo\":{\"@type\":\"ImageObject\",\"inLanguage\":\"es\",\"@id\":\"https:\/\/www.francmobiliari.com\/#\/schema\/logo\/image\/\",\"url\":\"https:\/\/www.francmobiliari.com\/wp-content\/uploads\/2025\/07\/img-placeholder.png\",\"contentUrl\":\"https:\/\/www.francmobiliari.com\/wp-content\/uploads\/2025\/07\/img-placeholder.png\",\"width\":1500,\"height\":1500,\"caption\":\"francmobiliari.com\"},\"image\":{\"@id\":\"https:\/\/www.francmobiliari.com\/#\/schema\/logo\/image\/\"}}]}<\/script>\n<!-- \/ Yoast SEO plugin. -->","yoast_head_json":{"title":"MESAS SERIE T-WORK - francmobiliari.com","robots":{"index":"index","follow":"follow","max-snippet":"max-snippet:-1","max-image-preview":"max-image-preview:large","max-video-preview":"max-video-preview:-1"},"canonical":"https:\/\/www.francmobiliari.com\/es\/producto\/mesas-serie-t-work\/","og_locale":"es_ES","og_type":"article","og_title":"MESAS SERIE T-WORK - francmobiliari.com","og_description":"Estructura met\u00e1lica, con patas en forma de T invertida, para la subida de cableado.   FICHA T\u00c9CNICA SERIE T-WORK  CAT\u00c1LOGO SERIE T-WORK  Mesas fabricadas con estructura en forma de \u201cT\u201d con tubo de 50 \u00d7 30 mm para columnas verticales y tubo de 50 \u00d7 20 mm para travesa\u00f1os horizontales y base al suelo, de 2 mm de grosor. Doble viga central bajo el sobre. Columna vertical con embellecedor \u201cTechline\u201d que permite la subida de cableado. Doble viga central bajo el sobre para unir los laterales. Niveladores para regular la altura \u00b1 12 mm.  Los sobres de mesa elaborados con:   Tablero de melamina de 19 mm o 30 mm de grosor, chapado con canto de PVC de 2 mm.  Tablero de chapa de madera natural sobre aglomerado de 19 mm de grosor.  Fald\u00f3n opcional en melamina, met\u00e1lico o madera chapada natural.  ACABADOS ESTRUCTURA Y FALDONES MET\u00c1LICOS: Aluminio Texturizado, Blanco y Negro Mate.  ACABADOS DE SOBRES Y FALDONES:  MELAMINA: Blanco, Gris, Aluminio, Arce Americano, Negro Mate, Roble, Roble Aurora, Roble Azabache o Nogal Siena.  CHAPA DE MADERA: Roble, \u00c9bano o Teca.","og_url":"https:\/\/www.francmobiliari.com\/es\/producto\/mesas-serie-t-work\/","og_site_name":"francmobiliari.com","article_modified_time":"2025-09-11T16:16:46+00:00","og_image":[{"width":1180,"height":805,"url":"https:\/\/www.francmobiliari.com\/wp-content\/uploads\/2025\/07\/MINIATURA-TAULA-T-WORK-1.jpg","type":"image\/jpeg"}],"twitter_card":"summary_large_image","schema":{"@context":"https:\/\/schema.org","@graph":[{"@type":"WebPage","@id":"https:\/\/www.francmobiliari.com\/es\/producto\/mesas-serie-t-work\/","url":"https:\/\/www.francmobiliari.com\/es\/producto\/mesas-serie-t-work\/","name":"MESAS SERIE T-WORK - francmobiliari.com","isPartOf":{"@id":"https:\/\/www.francmobiliari.com\/#website"},"primaryImageOfPage":{"@id":"https:\/\/www.francmobiliari.com\/es\/producto\/mesas-serie-t-work\/#primaryimage"},"image":{"@id":"https:\/\/www.francmobiliari.com\/es\/producto\/mesas-serie-t-work\/#primaryimage"},"thumbnailUrl":"https:\/\/www.francmobiliari.com\/wp-content\/uploads\/2025\/07\/MINIATURA-TAULA-T-WORK-1.jpg","datePublished":"2025-07-17T15:37:24+00:00","dateModified":"2025-09-11T16:16:46+00:00","breadcrumb":{"@id":"https:\/\/www.francmobiliari.com\/es\/producto\/mesas-serie-t-work\/#breadcrumb"},"inLanguage":"es","potentialAction":[{"@type":"ReadAction","target":["https:\/\/www.francmobiliari.com\/es\/producto\/mesas-serie-t-work\/"]}]},{"@type":"ImageObject","inLanguage":"es","@id":"https:\/\/www.francmobiliari.com\/es\/producto\/mesas-serie-t-work\/#primaryimage","url":"https:\/\/www.francmobiliari.com\/wp-content\/uploads\/2025\/07\/MINIATURA-TAULA-T-WORK-1.jpg","contentUrl":"https:\/\/www.francmobiliari.com\/wp-content\/uploads\/2025\/07\/MINIATURA-TAULA-T-WORK-1.jpg","width":1180,"height":805},{"@type":"BreadcrumbList","@id":"https:\/\/www.francmobiliari.com\/es\/producto\/mesas-serie-t-work\/#breadcrumb","itemListElement":[{"@type":"ListItem","position":1,"name":"Portada","item":"https:\/\/www.francmobiliari.com\/es\/inicio\/"},{"@type":"ListItem","position":2,"name":"Tienda","item":"https:\/\/www.francmobiliari.com\/es\/tienda\/"},{"@type":"ListItem","position":3,"name":"MESAS SERIE T-WORK"}]},{"@type":"WebSite","@id":"https:\/\/www.francmobiliari.com\/#website","url":"https:\/\/www.francmobiliari.com\/","name":"francmobiliari.com","description":"","publisher":{"@id":"https:\/\/www.francmobiliari.com\/#organization"},"potentialAction":[{"@type":"SearchAction","target":{"@type":"EntryPoint","urlTemplate":"https:\/\/www.francmobiliari.com\/?s={search_term_string}"},"query-input":{"@type":"PropertyValueSpecification","valueRequired":true,"valueName":"search_term_string"}}],"inLanguage":"es"},{"@type":"Organization","@id":"https:\/\/www.francmobiliari.com\/#organization","name":"francmobiliari.com","url":"https:\/\/www.francmobiliari.com\/","logo":{"@type":"ImageObject","inLanguage":"es","@id":"https:\/\/www.francmobiliari.com\/#\/schema\/logo\/image\/","url":"https:\/\/www.francmobiliari.com\/wp-content\/uploads\/2025\/07\/img-placeholder.png","contentUrl":"https:\/\/www.francmobiliari.com\/wp-content\/uploads\/2025\/07\/img-placeholder.png","width":1500,"height":1500,"caption":"francmobiliari.com"},"image":{"@id":"https:\/\/www.francmobiliari.com\/#\/schema\/logo\/image\/"}}]}},"_links":{"self":[{"href":"https:\/\/www.francmobiliari.com\/es\/wp-json\/wp\/v2\/product\/6058","targetHints":{"allow":["GET"]}}],"collection":[{"href":"https:\/\/www.francmobiliari.com\/es\/wp-json\/wp\/v2\/product"}],"about":[{"href":"https:\/\/www.francmobiliari.com\/es\/wp-json\/wp\/v2\/types\/product"}],"wp:featuredmedia":[{"embeddable":true,"href":"https:\/\/www.francmobiliari.com\/es\/wp-json\/wp\/v2\/media\/1798"}],"wp:attachment":[{"href":"https:\/\/www.francmobiliari.com\/es\/wp-json\/wp\/v2\/media?parent=6058"}],"wp:term":[{"taxonomy":"product_brand","embeddable":true,"href":"https:\/\/www.francmobiliari.com\/es\/wp-json\/wp\/v2\/product_brand?post=6058"},{"taxonomy":"product_cat","embeddable":true,"href":"https:\/\/www.francmobiliari.com\/es\/wp-json\/wp\/v2\/product_cat?post=6058"},{"taxonomy":"product_tag","embeddable":true,"href":"https:\/\/www.francmobiliari.com\/es\/wp-json\/wp\/v2\/product_tag?post=6058"}],"curies":[{"name":"wp","href":"https:\/\/api.w.org\/{rel}","templated":true}]}}