{"id":6054,"date":"2025-07-17T17:37:24","date_gmt":"2025-07-17T15:37:24","guid":{"rendered":"https:\/\/www.francmobiliari.com\/producto\/mesas-serie-born\/"},"modified":"2025-09-11T20:06:57","modified_gmt":"2025-09-11T18:06:57","slug":"mesas-serie-born","status":"publish","type":"product","link":"https:\/\/www.francmobiliari.com\/es\/producto\/mesas-serie-born\/","title":{"rendered":"MESAS SERIE BORN"},"content":{"rendered":false,"protected":false},"excerpt":{"rendered":"<p>Mesas fabricadas con estructura en madera de haya barnizada, estructura met\u00e1lica pintada o combinada. Tapa corredera de melamina, en diversos colores.<\/p>\n<ul>\n<li><a style=\"color: var(--wd-text-color);\" href=\"https:\/\/www.francmobiliari.com\/wp-content\/uploads\/2022\/11\/CATALEG-SERIE-BORN.pdf\" target=\"_blank\" rel=\"noopener\">CAT\u00c1LOGO SERIE BORN<\/a><\/li>\n<li><a style=\"color: var(--wd-text-color);\" href=\"https:\/\/www.francmobiliari.com\/wp-content\/uploads\/2022\/11\/FITXA-TECNICA-SERIE-BORN.pdf\" target=\"_blank\" rel=\"noopener\">FICHA T\u00c9CNICA SERIE BORN<\/a><\/li>\n<\/ul>\n<p>Mesas fabricadas con estructura en forma de \u201cU\u201d invertida con perfil de acero pintado, de secci\u00f3n cuadrada de 50 \u00d7 30 mm y un grosor de 2 mm, o de madera maciza de haya barnizada formada por un travesa\u00f1o de 60 \u00d7 60 mm y dos montantes cuya secci\u00f3n disminuye progresivamente hasta 60 \u00d7 30 mm, o mixta combinando travesa\u00f1os de acero con patas de madera. Viga central bajo la tapa para unir los laterales. Niveladores para regular la altura \u00b1 10 mm.<\/p>\n<p>Las tapas de mesa correderas hasta 14 cm, elaboradas con tablero de melamina de 25 mm de grosor, chapado con canto de ABS de 2 mm.<\/p>\n<p>ACABADOS ESTRUCTURA: Plata (RAL 9006), Blanco (RAL 9016) y Grafito (RAL 7022), y acabado en madera maciza de haya barnizada.<\/p>\n<p>ACABADOS MELAMINA: Grafito, Blanco, Gris, Haya, Roble, Peral, Wengu\u00e9, Acacia Clara, Acacia Oscura, Zebrano, Casta\u00f1o Claro o Casta\u00f1o Oscuro.<\/p>\n<ul style=\"list-style: none;\">\n<li><\/li>\n<\/ul>\n","protected":false},"featured_media":1751,"template":"","meta":{"_acf_changed":false,"inline_featured_image":false,"_genesis_hide_title":false,"_genesis_hide_breadcrumbs":false,"_genesis_hide_singular_image":false,"_genesis_hide_footer_widgets":false,"_genesis_custom_body_class":"","_genesis_custom_post_class":"","_genesis_layout":"","_links_to":"","_links_to_target":""},"product_brand":[],"product_cat":[71],"product_tag":[],"class_list":{"0":"post-6054","1":"product","2":"type-product","3":"status-publish","4":"has-post-thumbnail","6":"product_cat-mesas-operativas","7":"entry","9":"first","10":"instock","11":"shipping-taxable","12":"product-type-simple"},"acf":[],"yoast_head":"<!-- This site is optimized with the Yoast SEO plugin v26.2 - https:\/\/yoast.com\/wordpress\/plugins\/seo\/ -->\n<title>MESAS SERIE BORN - francmobiliari.com<\/title>\n<meta name=\"robots\" content=\"index, follow, max-snippet:-1, max-image-preview:large, max-video-preview:-1\" \/>\n<link rel=\"canonical\" href=\"https:\/\/www.francmobiliari.com\/es\/producto\/mesas-serie-born\/\" \/>\n<meta property=\"og:locale\" content=\"es_ES\" \/>\n<meta property=\"og:type\" content=\"article\" \/>\n<meta property=\"og:title\" content=\"MESAS SERIE BORN - francmobiliari.com\" \/>\n<meta property=\"og:description\" content=\"Mesas fabricadas con estructura en madera de haya barnizada, estructura met\u00e1lica pintada o combinada. Tapa corredera de melamina, en diversos colores.   CAT\u00c1LOGO SERIE BORN  FICHA T\u00c9CNICA SERIE BORN  Mesas fabricadas con estructura en forma de \u201cU\u201d invertida con perfil de acero pintado, de secci\u00f3n cuadrada de 50 \u00d7 30 mm y un grosor de 2 mm, o de madera maciza de haya barnizada formada por un travesa\u00f1o de 60 \u00d7 60 mm y dos montantes cuya secci\u00f3n disminuye progresivamente hasta 60 \u00d7 30 mm, o mixta combinando travesa\u00f1os de acero con patas de madera. Viga central bajo la tapa para unir los laterales. Niveladores para regular la altura \u00b1 10 mm.  Las tapas de mesa correderas hasta 14 cm, elaboradas con tablero de melamina de 25 mm de grosor, chapado con canto de ABS de 2 mm.  ACABADOS ESTRUCTURA: Plata (RAL 9006), Blanco (RAL 9016) y Grafito (RAL 7022), y acabado en madera maciza de haya barnizada.  ACABADOS MELAMINA: Grafito, Blanco, Gris, Haya, Roble, Peral, Wengu\u00e9, Acacia Clara, Acacia Oscura, Zebrano, Casta\u00f1o Claro o Casta\u00f1o Oscuro.\" \/>\n<meta property=\"og:url\" content=\"https:\/\/www.francmobiliari.com\/es\/producto\/mesas-serie-born\/\" \/>\n<meta property=\"og:site_name\" content=\"francmobiliari.com\" \/>\n<meta property=\"article:modified_time\" content=\"2025-09-11T18:06:57+00:00\" \/>\n<meta property=\"og:image\" content=\"https:\/\/www.francmobiliari.com\/wp-content\/uploads\/2025\/07\/MINIATURA-SERIE-BORN-1.jpg\" \/>\n\t<meta property=\"og:image:width\" content=\"900\" \/>\n\t<meta property=\"og:image:height\" content=\"520\" \/>\n\t<meta property=\"og:image:type\" content=\"image\/jpeg\" \/>\n<meta name=\"twitter:card\" content=\"summary_large_image\" \/>\n<script type=\"application\/ld+json\" class=\"yoast-schema-graph\">{\"@context\":\"https:\/\/schema.org\",\"@graph\":[{\"@type\":\"WebPage\",\"@id\":\"https:\/\/www.francmobiliari.com\/es\/producto\/mesas-serie-born\/\",\"url\":\"https:\/\/www.francmobiliari.com\/es\/producto\/mesas-serie-born\/\",\"name\":\"MESAS SERIE BORN - francmobiliari.com\",\"isPartOf\":{\"@id\":\"https:\/\/www.francmobiliari.com\/#website\"},\"primaryImageOfPage\":{\"@id\":\"https:\/\/www.francmobiliari.com\/es\/producto\/mesas-serie-born\/#primaryimage\"},\"image\":{\"@id\":\"https:\/\/www.francmobiliari.com\/es\/producto\/mesas-serie-born\/#primaryimage\"},\"thumbnailUrl\":\"https:\/\/www.francmobiliari.com\/wp-content\/uploads\/2025\/07\/MINIATURA-SERIE-BORN-1.jpg\",\"datePublished\":\"2025-07-17T15:37:24+00:00\",\"dateModified\":\"2025-09-11T18:06:57+00:00\",\"breadcrumb\":{\"@id\":\"https:\/\/www.francmobiliari.com\/es\/producto\/mesas-serie-born\/#breadcrumb\"},\"inLanguage\":\"es\",\"potentialAction\":[{\"@type\":\"ReadAction\",\"target\":[\"https:\/\/www.francmobiliari.com\/es\/producto\/mesas-serie-born\/\"]}]},{\"@type\":\"ImageObject\",\"inLanguage\":\"es\",\"@id\":\"https:\/\/www.francmobiliari.com\/es\/producto\/mesas-serie-born\/#primaryimage\",\"url\":\"https:\/\/www.francmobiliari.com\/wp-content\/uploads\/2025\/07\/MINIATURA-SERIE-BORN-1.jpg\",\"contentUrl\":\"https:\/\/www.francmobiliari.com\/wp-content\/uploads\/2025\/07\/MINIATURA-SERIE-BORN-1.jpg\",\"width\":900,\"height\":520},{\"@type\":\"BreadcrumbList\",\"@id\":\"https:\/\/www.francmobiliari.com\/es\/producto\/mesas-serie-born\/#breadcrumb\",\"itemListElement\":[{\"@type\":\"ListItem\",\"position\":1,\"name\":\"Portada\",\"item\":\"https:\/\/www.francmobiliari.com\/es\/inicio\/\"},{\"@type\":\"ListItem\",\"position\":2,\"name\":\"Tienda\",\"item\":\"https:\/\/www.francmobiliari.com\/es\/tienda\/\"},{\"@type\":\"ListItem\",\"position\":3,\"name\":\"MESAS SERIE BORN\"}]},{\"@type\":\"WebSite\",\"@id\":\"https:\/\/www.francmobiliari.com\/#website\",\"url\":\"https:\/\/www.francmobiliari.com\/\",\"name\":\"francmobiliari.com\",\"description\":\"\",\"publisher\":{\"@id\":\"https:\/\/www.francmobiliari.com\/#organization\"},\"potentialAction\":[{\"@type\":\"SearchAction\",\"target\":{\"@type\":\"EntryPoint\",\"urlTemplate\":\"https:\/\/www.francmobiliari.com\/?s={search_term_string}\"},\"query-input\":{\"@type\":\"PropertyValueSpecification\",\"valueRequired\":true,\"valueName\":\"search_term_string\"}}],\"inLanguage\":\"es\"},{\"@type\":\"Organization\",\"@id\":\"https:\/\/www.francmobiliari.com\/#organization\",\"name\":\"francmobiliari.com\",\"url\":\"https:\/\/www.francmobiliari.com\/\",\"logo\":{\"@type\":\"ImageObject\",\"inLanguage\":\"es\",\"@id\":\"https:\/\/www.francmobiliari.com\/#\/schema\/logo\/image\/\",\"url\":\"https:\/\/www.francmobiliari.com\/wp-content\/uploads\/2025\/07\/img-placeholder.png\",\"contentUrl\":\"https:\/\/www.francmobiliari.com\/wp-content\/uploads\/2025\/07\/img-placeholder.png\",\"width\":1500,\"height\":1500,\"caption\":\"francmobiliari.com\"},\"image\":{\"@id\":\"https:\/\/www.francmobiliari.com\/#\/schema\/logo\/image\/\"}}]}<\/script>\n<!-- \/ Yoast SEO plugin. -->","yoast_head_json":{"title":"MESAS SERIE BORN - francmobiliari.com","robots":{"index":"index","follow":"follow","max-snippet":"max-snippet:-1","max-image-preview":"max-image-preview:large","max-video-preview":"max-video-preview:-1"},"canonical":"https:\/\/www.francmobiliari.com\/es\/producto\/mesas-serie-born\/","og_locale":"es_ES","og_type":"article","og_title":"MESAS SERIE BORN - francmobiliari.com","og_description":"Mesas fabricadas con estructura en madera de haya barnizada, estructura met\u00e1lica pintada o combinada. Tapa corredera de melamina, en diversos colores.   CAT\u00c1LOGO SERIE BORN  FICHA T\u00c9CNICA SERIE BORN  Mesas fabricadas con estructura en forma de \u201cU\u201d invertida con perfil de acero pintado, de secci\u00f3n cuadrada de 50 \u00d7 30 mm y un grosor de 2 mm, o de madera maciza de haya barnizada formada por un travesa\u00f1o de 60 \u00d7 60 mm y dos montantes cuya secci\u00f3n disminuye progresivamente hasta 60 \u00d7 30 mm, o mixta combinando travesa\u00f1os de acero con patas de madera. Viga central bajo la tapa para unir los laterales. Niveladores para regular la altura \u00b1 10 mm.  Las tapas de mesa correderas hasta 14 cm, elaboradas con tablero de melamina de 25 mm de grosor, chapado con canto de ABS de 2 mm.  ACABADOS ESTRUCTURA: Plata (RAL 9006), Blanco (RAL 9016) y Grafito (RAL 7022), y acabado en madera maciza de haya barnizada.  ACABADOS MELAMINA: Grafito, Blanco, Gris, Haya, Roble, Peral, Wengu\u00e9, Acacia Clara, Acacia Oscura, Zebrano, Casta\u00f1o Claro o Casta\u00f1o Oscuro.","og_url":"https:\/\/www.francmobiliari.com\/es\/producto\/mesas-serie-born\/","og_site_name":"francmobiliari.com","article_modified_time":"2025-09-11T18:06:57+00:00","og_image":[{"width":900,"height":520,"url":"https:\/\/www.francmobiliari.com\/wp-content\/uploads\/2025\/07\/MINIATURA-SERIE-BORN-1.jpg","type":"image\/jpeg"}],"twitter_card":"summary_large_image","schema":{"@context":"https:\/\/schema.org","@graph":[{"@type":"WebPage","@id":"https:\/\/www.francmobiliari.com\/es\/producto\/mesas-serie-born\/","url":"https:\/\/www.francmobiliari.com\/es\/producto\/mesas-serie-born\/","name":"MESAS SERIE BORN - francmobiliari.com","isPartOf":{"@id":"https:\/\/www.francmobiliari.com\/#website"},"primaryImageOfPage":{"@id":"https:\/\/www.francmobiliari.com\/es\/producto\/mesas-serie-born\/#primaryimage"},"image":{"@id":"https:\/\/www.francmobiliari.com\/es\/producto\/mesas-serie-born\/#primaryimage"},"thumbnailUrl":"https:\/\/www.francmobiliari.com\/wp-content\/uploads\/2025\/07\/MINIATURA-SERIE-BORN-1.jpg","datePublished":"2025-07-17T15:37:24+00:00","dateModified":"2025-09-11T18:06:57+00:00","breadcrumb":{"@id":"https:\/\/www.francmobiliari.com\/es\/producto\/mesas-serie-born\/#breadcrumb"},"inLanguage":"es","potentialAction":[{"@type":"ReadAction","target":["https:\/\/www.francmobiliari.com\/es\/producto\/mesas-serie-born\/"]}]},{"@type":"ImageObject","inLanguage":"es","@id":"https:\/\/www.francmobiliari.com\/es\/producto\/mesas-serie-born\/#primaryimage","url":"https:\/\/www.francmobiliari.com\/wp-content\/uploads\/2025\/07\/MINIATURA-SERIE-BORN-1.jpg","contentUrl":"https:\/\/www.francmobiliari.com\/wp-content\/uploads\/2025\/07\/MINIATURA-SERIE-BORN-1.jpg","width":900,"height":520},{"@type":"BreadcrumbList","@id":"https:\/\/www.francmobiliari.com\/es\/producto\/mesas-serie-born\/#breadcrumb","itemListElement":[{"@type":"ListItem","position":1,"name":"Portada","item":"https:\/\/www.francmobiliari.com\/es\/inicio\/"},{"@type":"ListItem","position":2,"name":"Tienda","item":"https:\/\/www.francmobiliari.com\/es\/tienda\/"},{"@type":"ListItem","position":3,"name":"MESAS SERIE BORN"}]},{"@type":"WebSite","@id":"https:\/\/www.francmobiliari.com\/#website","url":"https:\/\/www.francmobiliari.com\/","name":"francmobiliari.com","description":"","publisher":{"@id":"https:\/\/www.francmobiliari.com\/#organization"},"potentialAction":[{"@type":"SearchAction","target":{"@type":"EntryPoint","urlTemplate":"https:\/\/www.francmobiliari.com\/?s={search_term_string}"},"query-input":{"@type":"PropertyValueSpecification","valueRequired":true,"valueName":"search_term_string"}}],"inLanguage":"es"},{"@type":"Organization","@id":"https:\/\/www.francmobiliari.com\/#organization","name":"francmobiliari.com","url":"https:\/\/www.francmobiliari.com\/","logo":{"@type":"ImageObject","inLanguage":"es","@id":"https:\/\/www.francmobiliari.com\/#\/schema\/logo\/image\/","url":"https:\/\/www.francmobiliari.com\/wp-content\/uploads\/2025\/07\/img-placeholder.png","contentUrl":"https:\/\/www.francmobiliari.com\/wp-content\/uploads\/2025\/07\/img-placeholder.png","width":1500,"height":1500,"caption":"francmobiliari.com"},"image":{"@id":"https:\/\/www.francmobiliari.com\/#\/schema\/logo\/image\/"}}]}},"_links":{"self":[{"href":"https:\/\/www.francmobiliari.com\/es\/wp-json\/wp\/v2\/product\/6054","targetHints":{"allow":["GET"]}}],"collection":[{"href":"https:\/\/www.francmobiliari.com\/es\/wp-json\/wp\/v2\/product"}],"about":[{"href":"https:\/\/www.francmobiliari.com\/es\/wp-json\/wp\/v2\/types\/product"}],"wp:featuredmedia":[{"embeddable":true,"href":"https:\/\/www.francmobiliari.com\/es\/wp-json\/wp\/v2\/media\/1751"}],"wp:attachment":[{"href":"https:\/\/www.francmobiliari.com\/es\/wp-json\/wp\/v2\/media?parent=6054"}],"wp:term":[{"taxonomy":"product_brand","embeddable":true,"href":"https:\/\/www.francmobiliari.com\/es\/wp-json\/wp\/v2\/product_brand?post=6054"},{"taxonomy":"product_cat","embeddable":true,"href":"https:\/\/www.francmobiliari.com\/es\/wp-json\/wp\/v2\/product_cat?post=6054"},{"taxonomy":"product_tag","embeddable":true,"href":"https:\/\/www.francmobiliari.com\/es\/wp-json\/wp\/v2\/product_tag?post=6054"}],"curies":[{"name":"wp","href":"https:\/\/api.w.org\/{rel}","templated":true}]}}