{"id":6051,"date":"2025-07-17T17:37:24","date_gmt":"2025-07-17T15:37:24","guid":{"rendered":"https:\/\/www.francmobiliari.com\/producto\/tablas-presidenciales-de-direccion\/"},"modified":"2025-09-11T20:06:19","modified_gmt":"2025-09-11T18:06:19","slug":"tablas-presidenciales-de-direccion","status":"publish","type":"product","link":"https:\/\/www.francmobiliari.com\/es\/producto\/tablas-presidenciales-de-direccion\/","title":{"rendered":"TABLAS PRESIDENCIALES DE DIRECCI\u00d3N"},"content":{"rendered":false,"protected":false},"excerpt":{"rendered":"<p>Programas de l\u00edneas cl\u00e1sicas y de estilo ingl\u00e9s. Hechas de materias primas de gran calidad, maderas con acabados de Cerezo, Nogal y Wengu\u00e9.<\/p>\n<ul>\n<li><a href=\"https:\/\/www.francmobiliari.com\/wp-content\/uploads\/2022\/11\/CATALEG-ARTDECO.pdf\" target=\"_blank\" rel=\"noopener\">CAT\u00c1LOGO ARTDECO<\/a><\/li>\n<li><a href=\"https:\/\/www.francmobiliari.com\/wp-content\/uploads\/2022\/11\/CATALEG-ARTMOBLE.pdf\" target=\"_blank\" rel=\"noopener\">CAT\u00c1LOGO ARTMOBLE<\/a><\/li>\n<li><a href=\"https:\/\/www.francmobiliari.com\/wp-content\/uploads\/2022\/11\/FITXA-TECNICA-ARTDECO.pdf\" target=\"_blank\" rel=\"noopener\">FICHA T\u00c9CNICA ARTDECO<\/a><\/li>\n<li><a href=\"https:\/\/www.francmobiliari.com\/wp-content\/uploads\/2022\/11\/FITXA-TECNICA-ARTMOBLE.pdf\" target=\"_blank\" rel=\"noopener\">FICHA T\u00c9CNICA ARTMOBLE<\/a><\/li>\n<\/ul>\n<p>Programas de l\u00edneas cl\u00e1sicas y de estilo ingl\u00e9s. Hechas de materias primas de gran calidad con maderas de Cerezo o Mukali.<\/p>\n<p>ART DEC\u00d3<br \/>\nMesas fabricadas con tablero de fibras de MDF de 630 kg\/m\u00b3 de 20 mm de espesor y chapadas con madera natural de Mukali. Opci\u00f3n de 4 patas o pata panelada.<\/p>\n<p>Sobre de mesa de 30 mm de grosor, chapado con madera natural de Mukali, tallado con dise\u00f1o en forma de mosaico o con inserci\u00f3n de piel.<\/p>\n<p>ACABADOS MADERA ART DEC\u00d3: Chapado natural de Mukali. Color Expresso o Natural.<\/p>\n<p>ACABADOS PIEL: Blanco, Marfil, Camel, Calabaza, Hielo, Gris, Piedra, Marr\u00f3n Claro, Rojo, Verde, Antracita, Azul, Burdeos, Ocre Oscuro, Marr\u00f3n Oscuro y Negro.<\/p>\n<p>ART MUEBLE<br \/>\nMesas fabricadas con laterales elaborados con tablero de fibras de MDF de 19 a 25 mm de espesor y chapadas con madera natural de Cerezo.<\/p>\n<p>Sobre de mesa con filetes de marqueter\u00eda de chapado de boj te\u00f1ido. Opcionales sobres en piel con marco de greca dorada.<\/p>\n<p>ACABADOS MADERA ART MUEBLE: Chapado natural de Cerezo. Acabados Nogal Italiano, Cerezo, Expresso, Negro, Nogal, Wengu\u00e9 o Cl\u00e1sico Natural.<\/p>\n<p>ACABADOS PIEL: Blanco, Marfil, Camel, Calabaza, Hielo, Gris, Piedra, Marr\u00f3n Claro, Rojo, Verde, Antracita, Azul, Burdeos, Ocre Oscuro, Marr\u00f3n Oscuro y Negro.<\/p>\n","protected":false},"featured_media":1937,"template":"","meta":{"_acf_changed":false,"inline_featured_image":false,"_genesis_hide_title":false,"_genesis_hide_breadcrumbs":false,"_genesis_hide_singular_image":false,"_genesis_hide_footer_widgets":false,"_genesis_custom_body_class":"","_genesis_custom_post_class":"","_genesis_layout":"","_links_to":"","_links_to_target":""},"product_brand":[],"product_cat":[73],"product_tag":[],"class_list":{"0":"post-6051","1":"product","2":"type-product","3":"status-publish","4":"has-post-thumbnail","6":"product_cat-mesas-de-direccion","7":"entry","9":"first","10":"instock","11":"shipping-taxable","12":"product-type-simple"},"acf":[],"yoast_head":"<!-- This site is optimized with the Yoast SEO plugin v26.2 - https:\/\/yoast.com\/wordpress\/plugins\/seo\/ -->\n<title>TABLAS PRESIDENCIALES DE DIRECCI\u00d3N - francmobiliari.com<\/title>\n<meta name=\"robots\" content=\"index, follow, max-snippet:-1, max-image-preview:large, max-video-preview:-1\" \/>\n<link rel=\"canonical\" href=\"https:\/\/www.francmobiliari.com\/es\/producto\/tablas-presidenciales-de-direccion\/\" \/>\n<meta property=\"og:locale\" content=\"es_ES\" \/>\n<meta property=\"og:type\" content=\"article\" \/>\n<meta property=\"og:title\" content=\"TABLAS PRESIDENCIALES DE DIRECCI\u00d3N - francmobiliari.com\" \/>\n<meta property=\"og:description\" content=\"Programas de l\u00edneas cl\u00e1sicas y de estilo ingl\u00e9s. Hechas de materias primas de gran calidad, maderas con acabados de Cerezo, Nogal y Wengu\u00e9.   CAT\u00c1LOGO ARTDECO  CAT\u00c1LOGO ARTMOBLE  FICHA T\u00c9CNICA ARTDECO  FICHA T\u00c9CNICA ARTMOBLE  Programas de l\u00edneas cl\u00e1sicas y de estilo ingl\u00e9s. Hechas de materias primas de gran calidad con maderas de Cerezo o Mukali.  ART DEC\u00d3 Mesas fabricadas con tablero de fibras de MDF de 630 kg\/m\u00b3 de 20 mm de espesor y chapadas con madera natural de Mukali. Opci\u00f3n de 4 patas o pata panelada.  Sobre de mesa de 30 mm de grosor, chapado con madera natural de Mukali, tallado con dise\u00f1o en forma de mosaico o con inserci\u00f3n de piel.  ACABADOS MADERA ART DEC\u00d3: Chapado natural de Mukali. Color Expresso o Natural.  ACABADOS PIEL: Blanco, Marfil, Camel, Calabaza, Hielo, Gris, Piedra, Marr\u00f3n Claro, Rojo, Verde, Antracita, Azul, Burdeos, Ocre Oscuro, Marr\u00f3n Oscuro y Negro.  ART MUEBLE Mesas fabricadas con laterales elaborados con tablero de fibras de MDF de 19 a 25 mm de espesor y chapadas con madera natural de Cerezo.  Sobre de mesa con filetes de marqueter\u00eda de chapado de boj te\u00f1ido. Opcionales sobres en piel con marco de greca dorada.  ACABADOS MADERA ART MUEBLE: Chapado natural de Cerezo. Acabados Nogal Italiano, Cerezo, Expresso, Negro, Nogal, Wengu\u00e9 o Cl\u00e1sico Natural.  ACABADOS PIEL: Blanco, Marfil, Camel, Calabaza, Hielo, Gris, Piedra, Marr\u00f3n Claro, Rojo, Verde, Antracita, Azul, Burdeos, Ocre Oscuro, Marr\u00f3n Oscuro y Negro.\" \/>\n<meta property=\"og:url\" content=\"https:\/\/www.francmobiliari.com\/es\/producto\/tablas-presidenciales-de-direccion\/\" \/>\n<meta property=\"og:site_name\" content=\"francmobiliari.com\" \/>\n<meta property=\"article:modified_time\" content=\"2025-09-11T18:06:19+00:00\" \/>\n<meta property=\"og:image\" content=\"https:\/\/www.francmobiliari.com\/wp-content\/uploads\/2025\/07\/MINIATURA-TAULES-PRESIDENCIALS-1.jpg\" \/>\n\t<meta property=\"og:image:width\" content=\"2000\" \/>\n\t<meta property=\"og:image:height\" content=\"1145\" \/>\n\t<meta property=\"og:image:type\" content=\"image\/jpeg\" \/>\n<meta name=\"twitter:card\" content=\"summary_large_image\" \/>\n<script type=\"application\/ld+json\" class=\"yoast-schema-graph\">{\"@context\":\"https:\/\/schema.org\",\"@graph\":[{\"@type\":\"WebPage\",\"@id\":\"https:\/\/www.francmobiliari.com\/es\/producto\/tablas-presidenciales-de-direccion\/\",\"url\":\"https:\/\/www.francmobiliari.com\/es\/producto\/tablas-presidenciales-de-direccion\/\",\"name\":\"TABLAS PRESIDENCIALES DE DIRECCI\u00d3N - francmobiliari.com\",\"isPartOf\":{\"@id\":\"https:\/\/www.francmobiliari.com\/#website\"},\"primaryImageOfPage\":{\"@id\":\"https:\/\/www.francmobiliari.com\/es\/producto\/tablas-presidenciales-de-direccion\/#primaryimage\"},\"image\":{\"@id\":\"https:\/\/www.francmobiliari.com\/es\/producto\/tablas-presidenciales-de-direccion\/#primaryimage\"},\"thumbnailUrl\":\"https:\/\/www.francmobiliari.com\/wp-content\/uploads\/2025\/07\/MINIATURA-TAULES-PRESIDENCIALS-1.jpg\",\"datePublished\":\"2025-07-17T15:37:24+00:00\",\"dateModified\":\"2025-09-11T18:06:19+00:00\",\"breadcrumb\":{\"@id\":\"https:\/\/www.francmobiliari.com\/es\/producto\/tablas-presidenciales-de-direccion\/#breadcrumb\"},\"inLanguage\":\"es\",\"potentialAction\":[{\"@type\":\"ReadAction\",\"target\":[\"https:\/\/www.francmobiliari.com\/es\/producto\/tablas-presidenciales-de-direccion\/\"]}]},{\"@type\":\"ImageObject\",\"inLanguage\":\"es\",\"@id\":\"https:\/\/www.francmobiliari.com\/es\/producto\/tablas-presidenciales-de-direccion\/#primaryimage\",\"url\":\"https:\/\/www.francmobiliari.com\/wp-content\/uploads\/2025\/07\/MINIATURA-TAULES-PRESIDENCIALS-1.jpg\",\"contentUrl\":\"https:\/\/www.francmobiliari.com\/wp-content\/uploads\/2025\/07\/MINIATURA-TAULES-PRESIDENCIALS-1.jpg\",\"width\":2000,\"height\":1145},{\"@type\":\"BreadcrumbList\",\"@id\":\"https:\/\/www.francmobiliari.com\/es\/producto\/tablas-presidenciales-de-direccion\/#breadcrumb\",\"itemListElement\":[{\"@type\":\"ListItem\",\"position\":1,\"name\":\"Portada\",\"item\":\"https:\/\/www.francmobiliari.com\/es\/inicio\/\"},{\"@type\":\"ListItem\",\"position\":2,\"name\":\"Tienda\",\"item\":\"https:\/\/www.francmobiliari.com\/es\/tienda\/\"},{\"@type\":\"ListItem\",\"position\":3,\"name\":\"TABLAS PRESIDENCIALES DE DIRECCI\u00d3N\"}]},{\"@type\":\"WebSite\",\"@id\":\"https:\/\/www.francmobiliari.com\/#website\",\"url\":\"https:\/\/www.francmobiliari.com\/\",\"name\":\"francmobiliari.com\",\"description\":\"\",\"publisher\":{\"@id\":\"https:\/\/www.francmobiliari.com\/#organization\"},\"potentialAction\":[{\"@type\":\"SearchAction\",\"target\":{\"@type\":\"EntryPoint\",\"urlTemplate\":\"https:\/\/www.francmobiliari.com\/?s={search_term_string}\"},\"query-input\":{\"@type\":\"PropertyValueSpecification\",\"valueRequired\":true,\"valueName\":\"search_term_string\"}}],\"inLanguage\":\"es\"},{\"@type\":\"Organization\",\"@id\":\"https:\/\/www.francmobiliari.com\/#organization\",\"name\":\"francmobiliari.com\",\"url\":\"https:\/\/www.francmobiliari.com\/\",\"logo\":{\"@type\":\"ImageObject\",\"inLanguage\":\"es\",\"@id\":\"https:\/\/www.francmobiliari.com\/#\/schema\/logo\/image\/\",\"url\":\"https:\/\/www.francmobiliari.com\/wp-content\/uploads\/2025\/07\/img-placeholder.png\",\"contentUrl\":\"https:\/\/www.francmobiliari.com\/wp-content\/uploads\/2025\/07\/img-placeholder.png\",\"width\":1500,\"height\":1500,\"caption\":\"francmobiliari.com\"},\"image\":{\"@id\":\"https:\/\/www.francmobiliari.com\/#\/schema\/logo\/image\/\"}}]}<\/script>\n<!-- \/ Yoast SEO plugin. -->","yoast_head_json":{"title":"TABLAS PRESIDENCIALES DE DIRECCI\u00d3N - francmobiliari.com","robots":{"index":"index","follow":"follow","max-snippet":"max-snippet:-1","max-image-preview":"max-image-preview:large","max-video-preview":"max-video-preview:-1"},"canonical":"https:\/\/www.francmobiliari.com\/es\/producto\/tablas-presidenciales-de-direccion\/","og_locale":"es_ES","og_type":"article","og_title":"TABLAS PRESIDENCIALES DE DIRECCI\u00d3N - francmobiliari.com","og_description":"Programas de l\u00edneas cl\u00e1sicas y de estilo ingl\u00e9s. Hechas de materias primas de gran calidad, maderas con acabados de Cerezo, Nogal y Wengu\u00e9.   CAT\u00c1LOGO ARTDECO  CAT\u00c1LOGO ARTMOBLE  FICHA T\u00c9CNICA ARTDECO  FICHA T\u00c9CNICA ARTMOBLE  Programas de l\u00edneas cl\u00e1sicas y de estilo ingl\u00e9s. Hechas de materias primas de gran calidad con maderas de Cerezo o Mukali.  ART DEC\u00d3 Mesas fabricadas con tablero de fibras de MDF de 630 kg\/m\u00b3 de 20 mm de espesor y chapadas con madera natural de Mukali. Opci\u00f3n de 4 patas o pata panelada.  Sobre de mesa de 30 mm de grosor, chapado con madera natural de Mukali, tallado con dise\u00f1o en forma de mosaico o con inserci\u00f3n de piel.  ACABADOS MADERA ART DEC\u00d3: Chapado natural de Mukali. Color Expresso o Natural.  ACABADOS PIEL: Blanco, Marfil, Camel, Calabaza, Hielo, Gris, Piedra, Marr\u00f3n Claro, Rojo, Verde, Antracita, Azul, Burdeos, Ocre Oscuro, Marr\u00f3n Oscuro y Negro.  ART MUEBLE Mesas fabricadas con laterales elaborados con tablero de fibras de MDF de 19 a 25 mm de espesor y chapadas con madera natural de Cerezo.  Sobre de mesa con filetes de marqueter\u00eda de chapado de boj te\u00f1ido. Opcionales sobres en piel con marco de greca dorada.  ACABADOS MADERA ART MUEBLE: Chapado natural de Cerezo. Acabados Nogal Italiano, Cerezo, Expresso, Negro, Nogal, Wengu\u00e9 o Cl\u00e1sico Natural.  ACABADOS PIEL: Blanco, Marfil, Camel, Calabaza, Hielo, Gris, Piedra, Marr\u00f3n Claro, Rojo, Verde, Antracita, Azul, Burdeos, Ocre Oscuro, Marr\u00f3n Oscuro y Negro.","og_url":"https:\/\/www.francmobiliari.com\/es\/producto\/tablas-presidenciales-de-direccion\/","og_site_name":"francmobiliari.com","article_modified_time":"2025-09-11T18:06:19+00:00","og_image":[{"width":2000,"height":1145,"url":"https:\/\/www.francmobiliari.com\/wp-content\/uploads\/2025\/07\/MINIATURA-TAULES-PRESIDENCIALS-1.jpg","type":"image\/jpeg"}],"twitter_card":"summary_large_image","schema":{"@context":"https:\/\/schema.org","@graph":[{"@type":"WebPage","@id":"https:\/\/www.francmobiliari.com\/es\/producto\/tablas-presidenciales-de-direccion\/","url":"https:\/\/www.francmobiliari.com\/es\/producto\/tablas-presidenciales-de-direccion\/","name":"TABLAS PRESIDENCIALES DE DIRECCI\u00d3N - francmobiliari.com","isPartOf":{"@id":"https:\/\/www.francmobiliari.com\/#website"},"primaryImageOfPage":{"@id":"https:\/\/www.francmobiliari.com\/es\/producto\/tablas-presidenciales-de-direccion\/#primaryimage"},"image":{"@id":"https:\/\/www.francmobiliari.com\/es\/producto\/tablas-presidenciales-de-direccion\/#primaryimage"},"thumbnailUrl":"https:\/\/www.francmobiliari.com\/wp-content\/uploads\/2025\/07\/MINIATURA-TAULES-PRESIDENCIALS-1.jpg","datePublished":"2025-07-17T15:37:24+00:00","dateModified":"2025-09-11T18:06:19+00:00","breadcrumb":{"@id":"https:\/\/www.francmobiliari.com\/es\/producto\/tablas-presidenciales-de-direccion\/#breadcrumb"},"inLanguage":"es","potentialAction":[{"@type":"ReadAction","target":["https:\/\/www.francmobiliari.com\/es\/producto\/tablas-presidenciales-de-direccion\/"]}]},{"@type":"ImageObject","inLanguage":"es","@id":"https:\/\/www.francmobiliari.com\/es\/producto\/tablas-presidenciales-de-direccion\/#primaryimage","url":"https:\/\/www.francmobiliari.com\/wp-content\/uploads\/2025\/07\/MINIATURA-TAULES-PRESIDENCIALS-1.jpg","contentUrl":"https:\/\/www.francmobiliari.com\/wp-content\/uploads\/2025\/07\/MINIATURA-TAULES-PRESIDENCIALS-1.jpg","width":2000,"height":1145},{"@type":"BreadcrumbList","@id":"https:\/\/www.francmobiliari.com\/es\/producto\/tablas-presidenciales-de-direccion\/#breadcrumb","itemListElement":[{"@type":"ListItem","position":1,"name":"Portada","item":"https:\/\/www.francmobiliari.com\/es\/inicio\/"},{"@type":"ListItem","position":2,"name":"Tienda","item":"https:\/\/www.francmobiliari.com\/es\/tienda\/"},{"@type":"ListItem","position":3,"name":"TABLAS PRESIDENCIALES DE DIRECCI\u00d3N"}]},{"@type":"WebSite","@id":"https:\/\/www.francmobiliari.com\/#website","url":"https:\/\/www.francmobiliari.com\/","name":"francmobiliari.com","description":"","publisher":{"@id":"https:\/\/www.francmobiliari.com\/#organization"},"potentialAction":[{"@type":"SearchAction","target":{"@type":"EntryPoint","urlTemplate":"https:\/\/www.francmobiliari.com\/?s={search_term_string}"},"query-input":{"@type":"PropertyValueSpecification","valueRequired":true,"valueName":"search_term_string"}}],"inLanguage":"es"},{"@type":"Organization","@id":"https:\/\/www.francmobiliari.com\/#organization","name":"francmobiliari.com","url":"https:\/\/www.francmobiliari.com\/","logo":{"@type":"ImageObject","inLanguage":"es","@id":"https:\/\/www.francmobiliari.com\/#\/schema\/logo\/image\/","url":"https:\/\/www.francmobiliari.com\/wp-content\/uploads\/2025\/07\/img-placeholder.png","contentUrl":"https:\/\/www.francmobiliari.com\/wp-content\/uploads\/2025\/07\/img-placeholder.png","width":1500,"height":1500,"caption":"francmobiliari.com"},"image":{"@id":"https:\/\/www.francmobiliari.com\/#\/schema\/logo\/image\/"}}]}},"_links":{"self":[{"href":"https:\/\/www.francmobiliari.com\/es\/wp-json\/wp\/v2\/product\/6051","targetHints":{"allow":["GET"]}}],"collection":[{"href":"https:\/\/www.francmobiliari.com\/es\/wp-json\/wp\/v2\/product"}],"about":[{"href":"https:\/\/www.francmobiliari.com\/es\/wp-json\/wp\/v2\/types\/product"}],"wp:featuredmedia":[{"embeddable":true,"href":"https:\/\/www.francmobiliari.com\/es\/wp-json\/wp\/v2\/media\/1937"}],"wp:attachment":[{"href":"https:\/\/www.francmobiliari.com\/es\/wp-json\/wp\/v2\/media?parent=6051"}],"wp:term":[{"taxonomy":"product_brand","embeddable":true,"href":"https:\/\/www.francmobiliari.com\/es\/wp-json\/wp\/v2\/product_brand?post=6051"},{"taxonomy":"product_cat","embeddable":true,"href":"https:\/\/www.francmobiliari.com\/es\/wp-json\/wp\/v2\/product_cat?post=6051"},{"taxonomy":"product_tag","embeddable":true,"href":"https:\/\/www.francmobiliari.com\/es\/wp-json\/wp\/v2\/product_tag?post=6051"}],"curies":[{"name":"wp","href":"https:\/\/api.w.org\/{rel}","templated":true}]}}