{"id":6050,"date":"2025-07-17T17:37:24","date_gmt":"2025-07-17T15:37:24","guid":{"rendered":"https:\/\/www.francmobiliari.com\/producto\/coleccion-de-la-serie-tak\/"},"modified":"2025-09-11T20:05:32","modified_gmt":"2025-09-11T18:05:32","slug":"coleccion-de-la-serie-tak","status":"publish","type":"product","link":"https:\/\/www.francmobiliari.com\/es\/producto\/coleccion-de-la-serie-tak\/","title":{"rendered":"COLECCI\u00d3N DE LA SERIE TAK"},"content":{"rendered":false,"protected":false},"excerpt":{"rendered":"<p>La serie Tak est\u00e1 fabricada con melamina de 40 mm, con un canto de 2 mm de grosor. Disponemos de tres acabados de melamina Zebrano, Acacia Clara y Acacia Oscura.<\/p>\n<ul>\n<li><a href=\"https:\/\/www.francmobiliari.com\/wp-content\/uploads\/2022\/11\/CATALEG-SERIE-TAK.pdf\" target=\"_blank\" rel=\"noopener\">CAT\u00c1LOGO SERIE TAK<\/a><\/li>\n<li><a href=\"https:\/\/www.francmobiliari.com\/wp-content\/uploads\/2022\/11\/FITXA-TECNICA-SERIE-TAK.pdf\" target=\"_blank\" rel=\"noopener\">FICHA T\u00c9CNICA SERIE TAK<\/a><\/li>\n<\/ul>\n<p>Mesas fabricadas con laterales elaborados con tablero de 40 mm de espesor con distanciadores en ABS acabado cromo. Fald\u00f3n estructural de 19 mm. Niveladores para la correcta nivelaci\u00f3n de la mesa.<\/p>\n<p>Sobre de mesa de 40 mm de grosor, con canto de 2 mm de ABS en todo el per\u00edmetro.<\/p>\n<p>Opcional mesas para muebles credencia.<\/p>\n<p>ACABADOS MELAMINA: Acacia Clara, Acacia Oscura, Zebrano, Blanco, Casta\u00f1o Claro o Casta\u00f1o Oscuro.<\/p>\n<p>ACABADOS CHAPA DE MADERA: Nogal Americano<\/p>\n","protected":false},"featured_media":1927,"template":"","meta":{"_acf_changed":false,"inline_featured_image":false,"_genesis_hide_title":false,"_genesis_hide_breadcrumbs":false,"_genesis_hide_singular_image":false,"_genesis_hide_footer_widgets":false,"_genesis_custom_body_class":"","_genesis_custom_post_class":"","_genesis_layout":"","_links_to":"","_links_to_target":""},"product_brand":[],"product_cat":[73],"product_tag":[],"class_list":{"0":"post-6050","1":"product","2":"type-product","3":"status-publish","4":"has-post-thumbnail","6":"product_cat-mesas-de-direccion","7":"entry","9":"first","10":"instock","11":"shipping-taxable","12":"product-type-simple"},"acf":[],"yoast_head":"<!-- This site is optimized with the Yoast SEO plugin v26.2 - https:\/\/yoast.com\/wordpress\/plugins\/seo\/ -->\n<title>COLECCI\u00d3N DE LA SERIE TAK - francmobiliari.com<\/title>\n<meta name=\"robots\" content=\"index, follow, max-snippet:-1, max-image-preview:large, max-video-preview:-1\" \/>\n<link rel=\"canonical\" href=\"https:\/\/www.francmobiliari.com\/es\/producto\/coleccion-de-la-serie-tak\/\" \/>\n<meta property=\"og:locale\" content=\"es_ES\" \/>\n<meta property=\"og:type\" content=\"article\" \/>\n<meta property=\"og:title\" content=\"COLECCI\u00d3N DE LA SERIE TAK - francmobiliari.com\" \/>\n<meta property=\"og:description\" content=\"La serie Tak est\u00e1 fabricada con melamina de 40 mm, con un canto de 2 mm de grosor. Disponemos de tres acabados de melamina Zebrano, Acacia Clara y Acacia Oscura.   CAT\u00c1LOGO SERIE TAK  FICHA T\u00c9CNICA SERIE TAK  Mesas fabricadas con laterales elaborados con tablero de 40 mm de espesor con distanciadores en ABS acabado cromo. Fald\u00f3n estructural de 19 mm. Niveladores para la correcta nivelaci\u00f3n de la mesa.  Sobre de mesa de 40 mm de grosor, con canto de 2 mm de ABS en todo el per\u00edmetro.  Opcional mesas para muebles credencia.  ACABADOS MELAMINA: Acacia Clara, Acacia Oscura, Zebrano, Blanco, Casta\u00f1o Claro o Casta\u00f1o Oscuro.  ACABADOS CHAPA DE MADERA: Nogal Americano\" \/>\n<meta property=\"og:url\" content=\"https:\/\/www.francmobiliari.com\/es\/producto\/coleccion-de-la-serie-tak\/\" \/>\n<meta property=\"og:site_name\" content=\"francmobiliari.com\" \/>\n<meta property=\"article:modified_time\" content=\"2025-09-11T18:05:32+00:00\" \/>\n<meta property=\"og:image\" content=\"https:\/\/www.francmobiliari.com\/wp-content\/uploads\/2025\/07\/MINIATURA-TAULA-SERIE-TAK-2.jpg\" \/>\n\t<meta property=\"og:image:width\" content=\"900\" \/>\n\t<meta property=\"og:image:height\" content=\"520\" \/>\n\t<meta property=\"og:image:type\" content=\"image\/jpeg\" \/>\n<meta name=\"twitter:card\" content=\"summary_large_image\" \/>\n<script type=\"application\/ld+json\" class=\"yoast-schema-graph\">{\"@context\":\"https:\/\/schema.org\",\"@graph\":[{\"@type\":\"WebPage\",\"@id\":\"https:\/\/www.francmobiliari.com\/es\/producto\/coleccion-de-la-serie-tak\/\",\"url\":\"https:\/\/www.francmobiliari.com\/es\/producto\/coleccion-de-la-serie-tak\/\",\"name\":\"COLECCI\u00d3N DE LA SERIE TAK - francmobiliari.com\",\"isPartOf\":{\"@id\":\"https:\/\/www.francmobiliari.com\/#website\"},\"primaryImageOfPage\":{\"@id\":\"https:\/\/www.francmobiliari.com\/es\/producto\/coleccion-de-la-serie-tak\/#primaryimage\"},\"image\":{\"@id\":\"https:\/\/www.francmobiliari.com\/es\/producto\/coleccion-de-la-serie-tak\/#primaryimage\"},\"thumbnailUrl\":\"https:\/\/www.francmobiliari.com\/wp-content\/uploads\/2025\/07\/MINIATURA-TAULA-SERIE-TAK-2.jpg\",\"datePublished\":\"2025-07-17T15:37:24+00:00\",\"dateModified\":\"2025-09-11T18:05:32+00:00\",\"breadcrumb\":{\"@id\":\"https:\/\/www.francmobiliari.com\/es\/producto\/coleccion-de-la-serie-tak\/#breadcrumb\"},\"inLanguage\":\"es\",\"potentialAction\":[{\"@type\":\"ReadAction\",\"target\":[\"https:\/\/www.francmobiliari.com\/es\/producto\/coleccion-de-la-serie-tak\/\"]}]},{\"@type\":\"ImageObject\",\"inLanguage\":\"es\",\"@id\":\"https:\/\/www.francmobiliari.com\/es\/producto\/coleccion-de-la-serie-tak\/#primaryimage\",\"url\":\"https:\/\/www.francmobiliari.com\/wp-content\/uploads\/2025\/07\/MINIATURA-TAULA-SERIE-TAK-2.jpg\",\"contentUrl\":\"https:\/\/www.francmobiliari.com\/wp-content\/uploads\/2025\/07\/MINIATURA-TAULA-SERIE-TAK-2.jpg\",\"width\":900,\"height\":520},{\"@type\":\"BreadcrumbList\",\"@id\":\"https:\/\/www.francmobiliari.com\/es\/producto\/coleccion-de-la-serie-tak\/#breadcrumb\",\"itemListElement\":[{\"@type\":\"ListItem\",\"position\":1,\"name\":\"Portada\",\"item\":\"https:\/\/www.francmobiliari.com\/es\/inicio\/\"},{\"@type\":\"ListItem\",\"position\":2,\"name\":\"Tienda\",\"item\":\"https:\/\/www.francmobiliari.com\/es\/tienda\/\"},{\"@type\":\"ListItem\",\"position\":3,\"name\":\"COLECCI\u00d3N DE LA SERIE TAK\"}]},{\"@type\":\"WebSite\",\"@id\":\"https:\/\/www.francmobiliari.com\/#website\",\"url\":\"https:\/\/www.francmobiliari.com\/\",\"name\":\"francmobiliari.com\",\"description\":\"\",\"publisher\":{\"@id\":\"https:\/\/www.francmobiliari.com\/#organization\"},\"potentialAction\":[{\"@type\":\"SearchAction\",\"target\":{\"@type\":\"EntryPoint\",\"urlTemplate\":\"https:\/\/www.francmobiliari.com\/?s={search_term_string}\"},\"query-input\":{\"@type\":\"PropertyValueSpecification\",\"valueRequired\":true,\"valueName\":\"search_term_string\"}}],\"inLanguage\":\"es\"},{\"@type\":\"Organization\",\"@id\":\"https:\/\/www.francmobiliari.com\/#organization\",\"name\":\"francmobiliari.com\",\"url\":\"https:\/\/www.francmobiliari.com\/\",\"logo\":{\"@type\":\"ImageObject\",\"inLanguage\":\"es\",\"@id\":\"https:\/\/www.francmobiliari.com\/#\/schema\/logo\/image\/\",\"url\":\"https:\/\/www.francmobiliari.com\/wp-content\/uploads\/2025\/07\/img-placeholder.png\",\"contentUrl\":\"https:\/\/www.francmobiliari.com\/wp-content\/uploads\/2025\/07\/img-placeholder.png\",\"width\":1500,\"height\":1500,\"caption\":\"francmobiliari.com\"},\"image\":{\"@id\":\"https:\/\/www.francmobiliari.com\/#\/schema\/logo\/image\/\"}}]}<\/script>\n<!-- \/ Yoast SEO plugin. -->","yoast_head_json":{"title":"COLECCI\u00d3N DE LA SERIE TAK - francmobiliari.com","robots":{"index":"index","follow":"follow","max-snippet":"max-snippet:-1","max-image-preview":"max-image-preview:large","max-video-preview":"max-video-preview:-1"},"canonical":"https:\/\/www.francmobiliari.com\/es\/producto\/coleccion-de-la-serie-tak\/","og_locale":"es_ES","og_type":"article","og_title":"COLECCI\u00d3N DE LA SERIE TAK - francmobiliari.com","og_description":"La serie Tak est\u00e1 fabricada con melamina de 40 mm, con un canto de 2 mm de grosor. Disponemos de tres acabados de melamina Zebrano, Acacia Clara y Acacia Oscura.   CAT\u00c1LOGO SERIE TAK  FICHA T\u00c9CNICA SERIE TAK  Mesas fabricadas con laterales elaborados con tablero de 40 mm de espesor con distanciadores en ABS acabado cromo. Fald\u00f3n estructural de 19 mm. Niveladores para la correcta nivelaci\u00f3n de la mesa.  Sobre de mesa de 40 mm de grosor, con canto de 2 mm de ABS en todo el per\u00edmetro.  Opcional mesas para muebles credencia.  ACABADOS MELAMINA: Acacia Clara, Acacia Oscura, Zebrano, Blanco, Casta\u00f1o Claro o Casta\u00f1o Oscuro.  ACABADOS CHAPA DE MADERA: Nogal Americano","og_url":"https:\/\/www.francmobiliari.com\/es\/producto\/coleccion-de-la-serie-tak\/","og_site_name":"francmobiliari.com","article_modified_time":"2025-09-11T18:05:32+00:00","og_image":[{"width":900,"height":520,"url":"https:\/\/www.francmobiliari.com\/wp-content\/uploads\/2025\/07\/MINIATURA-TAULA-SERIE-TAK-2.jpg","type":"image\/jpeg"}],"twitter_card":"summary_large_image","schema":{"@context":"https:\/\/schema.org","@graph":[{"@type":"WebPage","@id":"https:\/\/www.francmobiliari.com\/es\/producto\/coleccion-de-la-serie-tak\/","url":"https:\/\/www.francmobiliari.com\/es\/producto\/coleccion-de-la-serie-tak\/","name":"COLECCI\u00d3N DE LA SERIE TAK - francmobiliari.com","isPartOf":{"@id":"https:\/\/www.francmobiliari.com\/#website"},"primaryImageOfPage":{"@id":"https:\/\/www.francmobiliari.com\/es\/producto\/coleccion-de-la-serie-tak\/#primaryimage"},"image":{"@id":"https:\/\/www.francmobiliari.com\/es\/producto\/coleccion-de-la-serie-tak\/#primaryimage"},"thumbnailUrl":"https:\/\/www.francmobiliari.com\/wp-content\/uploads\/2025\/07\/MINIATURA-TAULA-SERIE-TAK-2.jpg","datePublished":"2025-07-17T15:37:24+00:00","dateModified":"2025-09-11T18:05:32+00:00","breadcrumb":{"@id":"https:\/\/www.francmobiliari.com\/es\/producto\/coleccion-de-la-serie-tak\/#breadcrumb"},"inLanguage":"es","potentialAction":[{"@type":"ReadAction","target":["https:\/\/www.francmobiliari.com\/es\/producto\/coleccion-de-la-serie-tak\/"]}]},{"@type":"ImageObject","inLanguage":"es","@id":"https:\/\/www.francmobiliari.com\/es\/producto\/coleccion-de-la-serie-tak\/#primaryimage","url":"https:\/\/www.francmobiliari.com\/wp-content\/uploads\/2025\/07\/MINIATURA-TAULA-SERIE-TAK-2.jpg","contentUrl":"https:\/\/www.francmobiliari.com\/wp-content\/uploads\/2025\/07\/MINIATURA-TAULA-SERIE-TAK-2.jpg","width":900,"height":520},{"@type":"BreadcrumbList","@id":"https:\/\/www.francmobiliari.com\/es\/producto\/coleccion-de-la-serie-tak\/#breadcrumb","itemListElement":[{"@type":"ListItem","position":1,"name":"Portada","item":"https:\/\/www.francmobiliari.com\/es\/inicio\/"},{"@type":"ListItem","position":2,"name":"Tienda","item":"https:\/\/www.francmobiliari.com\/es\/tienda\/"},{"@type":"ListItem","position":3,"name":"COLECCI\u00d3N DE LA SERIE TAK"}]},{"@type":"WebSite","@id":"https:\/\/www.francmobiliari.com\/#website","url":"https:\/\/www.francmobiliari.com\/","name":"francmobiliari.com","description":"","publisher":{"@id":"https:\/\/www.francmobiliari.com\/#organization"},"potentialAction":[{"@type":"SearchAction","target":{"@type":"EntryPoint","urlTemplate":"https:\/\/www.francmobiliari.com\/?s={search_term_string}"},"query-input":{"@type":"PropertyValueSpecification","valueRequired":true,"valueName":"search_term_string"}}],"inLanguage":"es"},{"@type":"Organization","@id":"https:\/\/www.francmobiliari.com\/#organization","name":"francmobiliari.com","url":"https:\/\/www.francmobiliari.com\/","logo":{"@type":"ImageObject","inLanguage":"es","@id":"https:\/\/www.francmobiliari.com\/#\/schema\/logo\/image\/","url":"https:\/\/www.francmobiliari.com\/wp-content\/uploads\/2025\/07\/img-placeholder.png","contentUrl":"https:\/\/www.francmobiliari.com\/wp-content\/uploads\/2025\/07\/img-placeholder.png","width":1500,"height":1500,"caption":"francmobiliari.com"},"image":{"@id":"https:\/\/www.francmobiliari.com\/#\/schema\/logo\/image\/"}}]}},"_links":{"self":[{"href":"https:\/\/www.francmobiliari.com\/es\/wp-json\/wp\/v2\/product\/6050","targetHints":{"allow":["GET"]}}],"collection":[{"href":"https:\/\/www.francmobiliari.com\/es\/wp-json\/wp\/v2\/product"}],"about":[{"href":"https:\/\/www.francmobiliari.com\/es\/wp-json\/wp\/v2\/types\/product"}],"wp:featuredmedia":[{"embeddable":true,"href":"https:\/\/www.francmobiliari.com\/es\/wp-json\/wp\/v2\/media\/1927"}],"wp:attachment":[{"href":"https:\/\/www.francmobiliari.com\/es\/wp-json\/wp\/v2\/media?parent=6050"}],"wp:term":[{"taxonomy":"product_brand","embeddable":true,"href":"https:\/\/www.francmobiliari.com\/es\/wp-json\/wp\/v2\/product_brand?post=6050"},{"taxonomy":"product_cat","embeddable":true,"href":"https:\/\/www.francmobiliari.com\/es\/wp-json\/wp\/v2\/product_cat?post=6050"},{"taxonomy":"product_tag","embeddable":true,"href":"https:\/\/www.francmobiliari.com\/es\/wp-json\/wp\/v2\/product_tag?post=6050"}],"curies":[{"name":"wp","href":"https:\/\/api.w.org\/{rel}","templated":true}]}}