{"id":6048,"date":"2025-07-17T17:37:24","date_gmt":"2025-07-17T15:37:24","guid":{"rendered":"https:\/\/www.francmobiliari.com\/producto\/coleccion-de-la-serie-lance\/"},"modified":"2025-09-11T20:04:14","modified_gmt":"2025-09-11T18:04:14","slug":"coleccion-de-la-serie-lance","status":"publish","type":"product","link":"https:\/\/www.francmobiliari.com\/es\/producto\/coleccion-de-la-serie-lance\/","title":{"rendered":"COLECCI\u00d3N DE LA SERIE LANCE"},"content":{"rendered":false,"protected":false},"excerpt":{"rendered":"<p>Estructura met\u00e1lica lacada en blanco o grafito, sobre lacado de diferentes colores.<\/p>\n<ul>\n<li><a style=\"color: var(--wd-text-color);\" href=\"https:\/\/www.francmobiliari.com\/wp-content\/uploads\/2022\/11\/CATALEG-SERIE-LANCE.pdf\" target=\"_blank\" rel=\"noopener\">CAT\u00c1LOGO SERIE LANCE<\/a><\/li>\n<li><a style=\"color: var(--wd-text-color);\" href=\"https:\/\/www.francmobiliari.com\/wp-content\/uploads\/2022\/11\/FITXA-TECNICA-SERIE-LANCE.pdf\" target=\"_blank\" rel=\"noopener\">FICHA T\u00c9CNICA SERIE LANCE<\/a><\/li>\n<\/ul>\n<p>Mesas fabricadas con estructura de laterales de chapa de acero laminado de 1,5 mm, plegada y soldada. Con dos opciones: de perfil alto y de perfil bajo. Viga central bajo el sobre para pasar cableado y unir los laterales. Niveladores para regular la altura \u00b1 10 mm.<\/p>\n<p>Los sobres de mesa elaborados con tablero de melamina de 25 mm de grosor, chapado con canto de PVC de 2 mm. Fald\u00f3n opcional en tablero de melamina.<\/p>\n<p>ACABADOS ESTRUCTURA: Antracita (RAL 7016) y Blanco (RAL 9003).<\/p>\n<p>ACABADOS MELAMINA: Blanco, Roble Estela, Roble Azabache, Nogal Siena o Pino N\u00f3rdico.<\/p>\n<p>&nbsp;<\/p>\n","protected":false},"featured_media":1882,"template":"","meta":{"_acf_changed":false,"inline_featured_image":false,"_genesis_hide_title":false,"_genesis_hide_breadcrumbs":false,"_genesis_hide_singular_image":false,"_genesis_hide_footer_widgets":false,"_genesis_custom_body_class":"","_genesis_custom_post_class":"","_genesis_layout":"","_links_to":"","_links_to_target":""},"product_brand":[],"product_cat":[73],"product_tag":[],"class_list":{"0":"post-6048","1":"product","2":"type-product","3":"status-publish","4":"has-post-thumbnail","6":"product_cat-mesas-de-direccion","7":"entry","9":"first","10":"instock","11":"shipping-taxable","12":"product-type-simple"},"acf":[],"yoast_head":"<!-- This site is optimized with the Yoast SEO plugin v26.2 - https:\/\/yoast.com\/wordpress\/plugins\/seo\/ -->\n<title>COLECCI\u00d3N DE LA SERIE LANCE - francmobiliari.com<\/title>\n<meta name=\"robots\" content=\"index, follow, max-snippet:-1, max-image-preview:large, max-video-preview:-1\" \/>\n<link rel=\"canonical\" href=\"https:\/\/www.francmobiliari.com\/es\/producto\/coleccion-de-la-serie-lance\/\" \/>\n<meta property=\"og:locale\" content=\"es_ES\" \/>\n<meta property=\"og:type\" content=\"article\" \/>\n<meta property=\"og:title\" content=\"COLECCI\u00d3N DE LA SERIE LANCE - francmobiliari.com\" \/>\n<meta property=\"og:description\" content=\"Estructura met\u00e1lica lacada en blanco o grafito, sobre lacado de diferentes colores.   CAT\u00c1LOGO SERIE LANCE  FICHA T\u00c9CNICA SERIE LANCE  Mesas fabricadas con estructura de laterales de chapa de acero laminado de 1,5 mm, plegada y soldada. Con dos opciones: de perfil alto y de perfil bajo. Viga central bajo el sobre para pasar cableado y unir los laterales. Niveladores para regular la altura \u00b1 10 mm.  Los sobres de mesa elaborados con tablero de melamina de 25 mm de grosor, chapado con canto de PVC de 2 mm. Fald\u00f3n opcional en tablero de melamina.  ACABADOS ESTRUCTURA: Antracita (RAL 7016) y Blanco (RAL 9003).  ACABADOS MELAMINA: Blanco, Roble Estela, Roble Azabache, Nogal Siena o Pino N\u00f3rdico.  &nbsp;\" \/>\n<meta property=\"og:url\" content=\"https:\/\/www.francmobiliari.com\/es\/producto\/coleccion-de-la-serie-lance\/\" \/>\n<meta property=\"og:site_name\" content=\"francmobiliari.com\" \/>\n<meta property=\"article:modified_time\" content=\"2025-09-11T18:04:14+00:00\" \/>\n<meta property=\"og:image\" content=\"https:\/\/www.francmobiliari.com\/wp-content\/uploads\/2025\/07\/MINIATURA-TAULA-DE-DIRECCIO-SERIE-LANCE.jpg\" \/>\n\t<meta property=\"og:image:width\" content=\"2178\" \/>\n\t<meta property=\"og:image:height\" content=\"1633\" \/>\n\t<meta property=\"og:image:type\" content=\"image\/jpeg\" \/>\n<meta name=\"twitter:card\" content=\"summary_large_image\" \/>\n<script type=\"application\/ld+json\" class=\"yoast-schema-graph\">{\"@context\":\"https:\/\/schema.org\",\"@graph\":[{\"@type\":\"WebPage\",\"@id\":\"https:\/\/www.francmobiliari.com\/es\/producto\/coleccion-de-la-serie-lance\/\",\"url\":\"https:\/\/www.francmobiliari.com\/es\/producto\/coleccion-de-la-serie-lance\/\",\"name\":\"COLECCI\u00d3N DE LA SERIE LANCE - francmobiliari.com\",\"isPartOf\":{\"@id\":\"https:\/\/www.francmobiliari.com\/#website\"},\"primaryImageOfPage\":{\"@id\":\"https:\/\/www.francmobiliari.com\/es\/producto\/coleccion-de-la-serie-lance\/#primaryimage\"},\"image\":{\"@id\":\"https:\/\/www.francmobiliari.com\/es\/producto\/coleccion-de-la-serie-lance\/#primaryimage\"},\"thumbnailUrl\":\"https:\/\/www.francmobiliari.com\/wp-content\/uploads\/2025\/07\/MINIATURA-TAULA-DE-DIRECCIO-SERIE-LANCE.jpg\",\"datePublished\":\"2025-07-17T15:37:24+00:00\",\"dateModified\":\"2025-09-11T18:04:14+00:00\",\"breadcrumb\":{\"@id\":\"https:\/\/www.francmobiliari.com\/es\/producto\/coleccion-de-la-serie-lance\/#breadcrumb\"},\"inLanguage\":\"es\",\"potentialAction\":[{\"@type\":\"ReadAction\",\"target\":[\"https:\/\/www.francmobiliari.com\/es\/producto\/coleccion-de-la-serie-lance\/\"]}]},{\"@type\":\"ImageObject\",\"inLanguage\":\"es\",\"@id\":\"https:\/\/www.francmobiliari.com\/es\/producto\/coleccion-de-la-serie-lance\/#primaryimage\",\"url\":\"https:\/\/www.francmobiliari.com\/wp-content\/uploads\/2025\/07\/MINIATURA-TAULA-DE-DIRECCIO-SERIE-LANCE.jpg\",\"contentUrl\":\"https:\/\/www.francmobiliari.com\/wp-content\/uploads\/2025\/07\/MINIATURA-TAULA-DE-DIRECCIO-SERIE-LANCE.jpg\",\"width\":2178,\"height\":1633,\"caption\":\"imagen de COL\u00b7LECCI\u00d3 DE LA S\u00c8RIE LANCE\"},{\"@type\":\"BreadcrumbList\",\"@id\":\"https:\/\/www.francmobiliari.com\/es\/producto\/coleccion-de-la-serie-lance\/#breadcrumb\",\"itemListElement\":[{\"@type\":\"ListItem\",\"position\":1,\"name\":\"Portada\",\"item\":\"https:\/\/www.francmobiliari.com\/es\/inicio\/\"},{\"@type\":\"ListItem\",\"position\":2,\"name\":\"Tienda\",\"item\":\"https:\/\/www.francmobiliari.com\/es\/tienda\/\"},{\"@type\":\"ListItem\",\"position\":3,\"name\":\"COLECCI\u00d3N DE LA SERIE LANCE\"}]},{\"@type\":\"WebSite\",\"@id\":\"https:\/\/www.francmobiliari.com\/#website\",\"url\":\"https:\/\/www.francmobiliari.com\/\",\"name\":\"francmobiliari.com\",\"description\":\"\",\"publisher\":{\"@id\":\"https:\/\/www.francmobiliari.com\/#organization\"},\"potentialAction\":[{\"@type\":\"SearchAction\",\"target\":{\"@type\":\"EntryPoint\",\"urlTemplate\":\"https:\/\/www.francmobiliari.com\/?s={search_term_string}\"},\"query-input\":{\"@type\":\"PropertyValueSpecification\",\"valueRequired\":true,\"valueName\":\"search_term_string\"}}],\"inLanguage\":\"es\"},{\"@type\":\"Organization\",\"@id\":\"https:\/\/www.francmobiliari.com\/#organization\",\"name\":\"francmobiliari.com\",\"url\":\"https:\/\/www.francmobiliari.com\/\",\"logo\":{\"@type\":\"ImageObject\",\"inLanguage\":\"es\",\"@id\":\"https:\/\/www.francmobiliari.com\/#\/schema\/logo\/image\/\",\"url\":\"https:\/\/www.francmobiliari.com\/wp-content\/uploads\/2025\/07\/img-placeholder.png\",\"contentUrl\":\"https:\/\/www.francmobiliari.com\/wp-content\/uploads\/2025\/07\/img-placeholder.png\",\"width\":1500,\"height\":1500,\"caption\":\"francmobiliari.com\"},\"image\":{\"@id\":\"https:\/\/www.francmobiliari.com\/#\/schema\/logo\/image\/\"}}]}<\/script>\n<!-- \/ Yoast SEO plugin. -->","yoast_head_json":{"title":"COLECCI\u00d3N DE LA SERIE LANCE - francmobiliari.com","robots":{"index":"index","follow":"follow","max-snippet":"max-snippet:-1","max-image-preview":"max-image-preview:large","max-video-preview":"max-video-preview:-1"},"canonical":"https:\/\/www.francmobiliari.com\/es\/producto\/coleccion-de-la-serie-lance\/","og_locale":"es_ES","og_type":"article","og_title":"COLECCI\u00d3N DE LA SERIE LANCE - francmobiliari.com","og_description":"Estructura met\u00e1lica lacada en blanco o grafito, sobre lacado de diferentes colores.   CAT\u00c1LOGO SERIE LANCE  FICHA T\u00c9CNICA SERIE LANCE  Mesas fabricadas con estructura de laterales de chapa de acero laminado de 1,5 mm, plegada y soldada. Con dos opciones: de perfil alto y de perfil bajo. Viga central bajo el sobre para pasar cableado y unir los laterales. Niveladores para regular la altura \u00b1 10 mm.  Los sobres de mesa elaborados con tablero de melamina de 25 mm de grosor, chapado con canto de PVC de 2 mm. Fald\u00f3n opcional en tablero de melamina.  ACABADOS ESTRUCTURA: Antracita (RAL 7016) y Blanco (RAL 9003).  ACABADOS MELAMINA: Blanco, Roble Estela, Roble Azabache, Nogal Siena o Pino N\u00f3rdico.  &nbsp;","og_url":"https:\/\/www.francmobiliari.com\/es\/producto\/coleccion-de-la-serie-lance\/","og_site_name":"francmobiliari.com","article_modified_time":"2025-09-11T18:04:14+00:00","og_image":[{"width":2178,"height":1633,"url":"https:\/\/www.francmobiliari.com\/wp-content\/uploads\/2025\/07\/MINIATURA-TAULA-DE-DIRECCIO-SERIE-LANCE.jpg","type":"image\/jpeg"}],"twitter_card":"summary_large_image","schema":{"@context":"https:\/\/schema.org","@graph":[{"@type":"WebPage","@id":"https:\/\/www.francmobiliari.com\/es\/producto\/coleccion-de-la-serie-lance\/","url":"https:\/\/www.francmobiliari.com\/es\/producto\/coleccion-de-la-serie-lance\/","name":"COLECCI\u00d3N DE LA SERIE LANCE - francmobiliari.com","isPartOf":{"@id":"https:\/\/www.francmobiliari.com\/#website"},"primaryImageOfPage":{"@id":"https:\/\/www.francmobiliari.com\/es\/producto\/coleccion-de-la-serie-lance\/#primaryimage"},"image":{"@id":"https:\/\/www.francmobiliari.com\/es\/producto\/coleccion-de-la-serie-lance\/#primaryimage"},"thumbnailUrl":"https:\/\/www.francmobiliari.com\/wp-content\/uploads\/2025\/07\/MINIATURA-TAULA-DE-DIRECCIO-SERIE-LANCE.jpg","datePublished":"2025-07-17T15:37:24+00:00","dateModified":"2025-09-11T18:04:14+00:00","breadcrumb":{"@id":"https:\/\/www.francmobiliari.com\/es\/producto\/coleccion-de-la-serie-lance\/#breadcrumb"},"inLanguage":"es","potentialAction":[{"@type":"ReadAction","target":["https:\/\/www.francmobiliari.com\/es\/producto\/coleccion-de-la-serie-lance\/"]}]},{"@type":"ImageObject","inLanguage":"es","@id":"https:\/\/www.francmobiliari.com\/es\/producto\/coleccion-de-la-serie-lance\/#primaryimage","url":"https:\/\/www.francmobiliari.com\/wp-content\/uploads\/2025\/07\/MINIATURA-TAULA-DE-DIRECCIO-SERIE-LANCE.jpg","contentUrl":"https:\/\/www.francmobiliari.com\/wp-content\/uploads\/2025\/07\/MINIATURA-TAULA-DE-DIRECCIO-SERIE-LANCE.jpg","width":2178,"height":1633,"caption":"imagen de COL\u00b7LECCI\u00d3 DE LA S\u00c8RIE LANCE"},{"@type":"BreadcrumbList","@id":"https:\/\/www.francmobiliari.com\/es\/producto\/coleccion-de-la-serie-lance\/#breadcrumb","itemListElement":[{"@type":"ListItem","position":1,"name":"Portada","item":"https:\/\/www.francmobiliari.com\/es\/inicio\/"},{"@type":"ListItem","position":2,"name":"Tienda","item":"https:\/\/www.francmobiliari.com\/es\/tienda\/"},{"@type":"ListItem","position":3,"name":"COLECCI\u00d3N DE LA SERIE LANCE"}]},{"@type":"WebSite","@id":"https:\/\/www.francmobiliari.com\/#website","url":"https:\/\/www.francmobiliari.com\/","name":"francmobiliari.com","description":"","publisher":{"@id":"https:\/\/www.francmobiliari.com\/#organization"},"potentialAction":[{"@type":"SearchAction","target":{"@type":"EntryPoint","urlTemplate":"https:\/\/www.francmobiliari.com\/?s={search_term_string}"},"query-input":{"@type":"PropertyValueSpecification","valueRequired":true,"valueName":"search_term_string"}}],"inLanguage":"es"},{"@type":"Organization","@id":"https:\/\/www.francmobiliari.com\/#organization","name":"francmobiliari.com","url":"https:\/\/www.francmobiliari.com\/","logo":{"@type":"ImageObject","inLanguage":"es","@id":"https:\/\/www.francmobiliari.com\/#\/schema\/logo\/image\/","url":"https:\/\/www.francmobiliari.com\/wp-content\/uploads\/2025\/07\/img-placeholder.png","contentUrl":"https:\/\/www.francmobiliari.com\/wp-content\/uploads\/2025\/07\/img-placeholder.png","width":1500,"height":1500,"caption":"francmobiliari.com"},"image":{"@id":"https:\/\/www.francmobiliari.com\/#\/schema\/logo\/image\/"}}]}},"_links":{"self":[{"href":"https:\/\/www.francmobiliari.com\/es\/wp-json\/wp\/v2\/product\/6048","targetHints":{"allow":["GET"]}}],"collection":[{"href":"https:\/\/www.francmobiliari.com\/es\/wp-json\/wp\/v2\/product"}],"about":[{"href":"https:\/\/www.francmobiliari.com\/es\/wp-json\/wp\/v2\/types\/product"}],"wp:featuredmedia":[{"embeddable":true,"href":"https:\/\/www.francmobiliari.com\/es\/wp-json\/wp\/v2\/media\/1882"}],"wp:attachment":[{"href":"https:\/\/www.francmobiliari.com\/es\/wp-json\/wp\/v2\/media?parent=6048"}],"wp:term":[{"taxonomy":"product_brand","embeddable":true,"href":"https:\/\/www.francmobiliari.com\/es\/wp-json\/wp\/v2\/product_brand?post=6048"},{"taxonomy":"product_cat","embeddable":true,"href":"https:\/\/www.francmobiliari.com\/es\/wp-json\/wp\/v2\/product_cat?post=6048"},{"taxonomy":"product_tag","embeddable":true,"href":"https:\/\/www.francmobiliari.com\/es\/wp-json\/wp\/v2\/product_tag?post=6048"}],"curies":[{"name":"wp","href":"https:\/\/api.w.org\/{rel}","templated":true}]}}