{"id":6046,"date":"2025-07-17T17:37:24","date_gmt":"2025-07-17T15:37:24","guid":{"rendered":"https:\/\/www.francmobiliari.com\/producto\/coleccion-de-la-serie-freeport\/"},"modified":"2025-09-11T18:20:10","modified_gmt":"2025-09-11T16:20:10","slug":"coleccion-de-la-serie-freeport","status":"publish","type":"product","link":"https:\/\/www.francmobiliari.com\/es\/producto\/coleccion-de-la-serie-freeport\/","title":{"rendered":"COLECCI\u00d3N DE LA SERIE FREEPORT"},"content":{"rendered":false,"protected":false},"excerpt":{"rendered":"<p>Mesa fabricada en madera de Nogal Natural o Nogal Espresso mate, o lacado combinado con piel.<\/p>\n<ul>\n<li><a style=\"color: var(--wd-text-color);\" href=\"https:\/\/www.francmobiliari.com\/wp-content\/uploads\/2022\/11\/CATALEG-SERIE-FREEPORT.pdf\" target=\"_blank\" rel=\"noopener\">CAT\u00c1LOGO SERIE FREEPORT<\/a><\/li>\n<li><a style=\"color: var(--wd-text-color);\" href=\"https:\/\/www.francmobiliari.com\/wp-content\/uploads\/2022\/11\/FITXA-TECNICA-SERIE-FREEPORT.pdf\" target=\"_blank\" rel=\"noopener\">FICHA T\u00c9CNICA SERIE FREEPORT<\/a><\/li>\n<\/ul>\n<p>Mesas fabricadas con laterales elaborados con tablero de fibras de MDF de 655 kg\/m\u00b3 de 40 mm de espesor y chapados con madera de Nogal Americano. Estos laterales disponen de una moldura vertical para ocultar la subida de cableado. Viga transversal estructural que tambi\u00e9n act\u00faa como bandeja portacables. Niveladores para la correcta nivelaci\u00f3n de la mesa.<\/p>\n<p>Sobre de mesa de 40 mm de grosor, chapado con madera de Nogal Americano, con inserci\u00f3n de piel flor opcional.<\/p>\n<p>Opcional mueble lateral integrado, elaborado con tablero de fibras de MDF de 655 kg\/m\u00b3 de 40 mm de espesor y chapado con madera de Nogal Americano. Formado por una cajonera central y estantes di\u00e1fanos en cada extremo. Los estantes pueden tener acabado lacado mate. Posibilidad de fald\u00f3n integrado.<\/p>\n<p>ACABADOS MADERA: Nogal Italiano, Nogal Natural, Nogal Espresso, Nogal Noir.<\/p>\n<p>Acabado madera mate (poros abiertos) o acabado semibrillo (poros cerrados).<\/p>\n<p>ACABADOS PIEL: Blanco, Marfil, Camel, Calabaza, Hielo, Gris, Piedra, Marr\u00f3n Claro, Rojo, Verde, Antracita, Azul, Burdeos, Ocre Oscuro, Marr\u00f3n Oscuro y Negro.<\/p>\n<p>ACABADOS LACADOS MUEBLE AUXILIAR: Blanco, Marfil, Camel, Calabaza, Hielo, Gris, Piedra, Marr\u00f3n Claro, Rojo, Verde, Antracita, Azul, Burdeos, Ocre Oscuro, Marr\u00f3n Oscuro y Negro.<\/p>\n<ul style=\"list-style: none;\">\n<li><\/li>\n<\/ul>\n","protected":false},"featured_media":1862,"template":"","meta":{"_acf_changed":false,"inline_featured_image":false,"_genesis_hide_title":false,"_genesis_hide_breadcrumbs":false,"_genesis_hide_singular_image":false,"_genesis_hide_footer_widgets":false,"_genesis_custom_body_class":"","_genesis_custom_post_class":"","_genesis_layout":"","_links_to":"","_links_to_target":""},"product_brand":[],"product_cat":[73],"product_tag":[],"class_list":{"0":"post-6046","1":"product","2":"type-product","3":"status-publish","4":"has-post-thumbnail","6":"product_cat-mesas-de-direccion","7":"entry","9":"first","10":"instock","11":"shipping-taxable","12":"product-type-simple"},"acf":[],"yoast_head":"<!-- This site is optimized with the Yoast SEO plugin v26.2 - https:\/\/yoast.com\/wordpress\/plugins\/seo\/ -->\n<title>COLECCI\u00d3N DE LA SERIE FREEPORT - francmobiliari.com<\/title>\n<meta name=\"robots\" content=\"index, follow, max-snippet:-1, max-image-preview:large, max-video-preview:-1\" \/>\n<link rel=\"canonical\" href=\"https:\/\/www.francmobiliari.com\/es\/producto\/coleccion-de-la-serie-freeport\/\" \/>\n<meta property=\"og:locale\" content=\"es_ES\" \/>\n<meta property=\"og:type\" content=\"article\" \/>\n<meta property=\"og:title\" content=\"COLECCI\u00d3N DE LA SERIE FREEPORT - francmobiliari.com\" \/>\n<meta property=\"og:description\" content=\"Mesa fabricada en madera de Nogal Natural o Nogal Espresso mate, o lacado combinado con piel.   CAT\u00c1LOGO SERIE FREEPORT  FICHA T\u00c9CNICA SERIE FREEPORT  Mesas fabricadas con laterales elaborados con tablero de fibras de MDF de 655 kg\/m\u00b3 de 40 mm de espesor y chapados con madera de Nogal Americano. Estos laterales disponen de una moldura vertical para ocultar la subida de cableado. Viga transversal estructural que tambi\u00e9n act\u00faa como bandeja portacables. Niveladores para la correcta nivelaci\u00f3n de la mesa.  Sobre de mesa de 40 mm de grosor, chapado con madera de Nogal Americano, con inserci\u00f3n de piel flor opcional.  Opcional mueble lateral integrado, elaborado con tablero de fibras de MDF de 655 kg\/m\u00b3 de 40 mm de espesor y chapado con madera de Nogal Americano. Formado por una cajonera central y estantes di\u00e1fanos en cada extremo. Los estantes pueden tener acabado lacado mate. Posibilidad de fald\u00f3n integrado.  ACABADOS MADERA: Nogal Italiano, Nogal Natural, Nogal Espresso, Nogal Noir.  Acabado madera mate (poros abiertos) o acabado semibrillo (poros cerrados).  ACABADOS PIEL: Blanco, Marfil, Camel, Calabaza, Hielo, Gris, Piedra, Marr\u00f3n Claro, Rojo, Verde, Antracita, Azul, Burdeos, Ocre Oscuro, Marr\u00f3n Oscuro y Negro.  ACABADOS LACADOS MUEBLE AUXILIAR: Blanco, Marfil, Camel, Calabaza, Hielo, Gris, Piedra, Marr\u00f3n Claro, Rojo, Verde, Antracita, Azul, Burdeos, Ocre Oscuro, Marr\u00f3n Oscuro y Negro.\" \/>\n<meta property=\"og:url\" content=\"https:\/\/www.francmobiliari.com\/es\/producto\/coleccion-de-la-serie-freeport\/\" \/>\n<meta property=\"og:site_name\" content=\"francmobiliari.com\" \/>\n<meta property=\"article:modified_time\" content=\"2025-09-11T16:20:10+00:00\" \/>\n<meta property=\"og:image\" content=\"https:\/\/www.francmobiliari.com\/wp-content\/uploads\/2025\/07\/MINIATURA-SERIE-FREEPORT.jpg\" \/>\n\t<meta property=\"og:image:width\" content=\"1900\" \/>\n\t<meta property=\"og:image:height\" content=\"950\" \/>\n\t<meta property=\"og:image:type\" content=\"image\/jpeg\" \/>\n<meta name=\"twitter:card\" content=\"summary_large_image\" \/>\n<script type=\"application\/ld+json\" class=\"yoast-schema-graph\">{\"@context\":\"https:\/\/schema.org\",\"@graph\":[{\"@type\":\"WebPage\",\"@id\":\"https:\/\/www.francmobiliari.com\/es\/producto\/coleccion-de-la-serie-freeport\/\",\"url\":\"https:\/\/www.francmobiliari.com\/es\/producto\/coleccion-de-la-serie-freeport\/\",\"name\":\"COLECCI\u00d3N DE LA SERIE FREEPORT - francmobiliari.com\",\"isPartOf\":{\"@id\":\"https:\/\/www.francmobiliari.com\/#website\"},\"primaryImageOfPage\":{\"@id\":\"https:\/\/www.francmobiliari.com\/es\/producto\/coleccion-de-la-serie-freeport\/#primaryimage\"},\"image\":{\"@id\":\"https:\/\/www.francmobiliari.com\/es\/producto\/coleccion-de-la-serie-freeport\/#primaryimage\"},\"thumbnailUrl\":\"https:\/\/www.francmobiliari.com\/wp-content\/uploads\/2025\/07\/MINIATURA-SERIE-FREEPORT.jpg\",\"datePublished\":\"2025-07-17T15:37:24+00:00\",\"dateModified\":\"2025-09-11T16:20:10+00:00\",\"breadcrumb\":{\"@id\":\"https:\/\/www.francmobiliari.com\/es\/producto\/coleccion-de-la-serie-freeport\/#breadcrumb\"},\"inLanguage\":\"es\",\"potentialAction\":[{\"@type\":\"ReadAction\",\"target\":[\"https:\/\/www.francmobiliari.com\/es\/producto\/coleccion-de-la-serie-freeport\/\"]}]},{\"@type\":\"ImageObject\",\"inLanguage\":\"es\",\"@id\":\"https:\/\/www.francmobiliari.com\/es\/producto\/coleccion-de-la-serie-freeport\/#primaryimage\",\"url\":\"https:\/\/www.francmobiliari.com\/wp-content\/uploads\/2025\/07\/MINIATURA-SERIE-FREEPORT.jpg\",\"contentUrl\":\"https:\/\/www.francmobiliari.com\/wp-content\/uploads\/2025\/07\/MINIATURA-SERIE-FREEPORT.jpg\",\"width\":1900,\"height\":950},{\"@type\":\"BreadcrumbList\",\"@id\":\"https:\/\/www.francmobiliari.com\/es\/producto\/coleccion-de-la-serie-freeport\/#breadcrumb\",\"itemListElement\":[{\"@type\":\"ListItem\",\"position\":1,\"name\":\"Portada\",\"item\":\"https:\/\/www.francmobiliari.com\/es\/inicio\/\"},{\"@type\":\"ListItem\",\"position\":2,\"name\":\"Tienda\",\"item\":\"https:\/\/www.francmobiliari.com\/es\/tienda\/\"},{\"@type\":\"ListItem\",\"position\":3,\"name\":\"COLECCI\u00d3N DE LA SERIE FREEPORT\"}]},{\"@type\":\"WebSite\",\"@id\":\"https:\/\/www.francmobiliari.com\/#website\",\"url\":\"https:\/\/www.francmobiliari.com\/\",\"name\":\"francmobiliari.com\",\"description\":\"\",\"publisher\":{\"@id\":\"https:\/\/www.francmobiliari.com\/#organization\"},\"potentialAction\":[{\"@type\":\"SearchAction\",\"target\":{\"@type\":\"EntryPoint\",\"urlTemplate\":\"https:\/\/www.francmobiliari.com\/?s={search_term_string}\"},\"query-input\":{\"@type\":\"PropertyValueSpecification\",\"valueRequired\":true,\"valueName\":\"search_term_string\"}}],\"inLanguage\":\"es\"},{\"@type\":\"Organization\",\"@id\":\"https:\/\/www.francmobiliari.com\/#organization\",\"name\":\"francmobiliari.com\",\"url\":\"https:\/\/www.francmobiliari.com\/\",\"logo\":{\"@type\":\"ImageObject\",\"inLanguage\":\"es\",\"@id\":\"https:\/\/www.francmobiliari.com\/#\/schema\/logo\/image\/\",\"url\":\"https:\/\/www.francmobiliari.com\/wp-content\/uploads\/2025\/07\/img-placeholder.png\",\"contentUrl\":\"https:\/\/www.francmobiliari.com\/wp-content\/uploads\/2025\/07\/img-placeholder.png\",\"width\":1500,\"height\":1500,\"caption\":\"francmobiliari.com\"},\"image\":{\"@id\":\"https:\/\/www.francmobiliari.com\/#\/schema\/logo\/image\/\"}}]}<\/script>\n<!-- \/ Yoast SEO plugin. -->","yoast_head_json":{"title":"COLECCI\u00d3N DE LA SERIE FREEPORT - francmobiliari.com","robots":{"index":"index","follow":"follow","max-snippet":"max-snippet:-1","max-image-preview":"max-image-preview:large","max-video-preview":"max-video-preview:-1"},"canonical":"https:\/\/www.francmobiliari.com\/es\/producto\/coleccion-de-la-serie-freeport\/","og_locale":"es_ES","og_type":"article","og_title":"COLECCI\u00d3N DE LA SERIE FREEPORT - francmobiliari.com","og_description":"Mesa fabricada en madera de Nogal Natural o Nogal Espresso mate, o lacado combinado con piel.   CAT\u00c1LOGO SERIE FREEPORT  FICHA T\u00c9CNICA SERIE FREEPORT  Mesas fabricadas con laterales elaborados con tablero de fibras de MDF de 655 kg\/m\u00b3 de 40 mm de espesor y chapados con madera de Nogal Americano. Estos laterales disponen de una moldura vertical para ocultar la subida de cableado. Viga transversal estructural que tambi\u00e9n act\u00faa como bandeja portacables. Niveladores para la correcta nivelaci\u00f3n de la mesa.  Sobre de mesa de 40 mm de grosor, chapado con madera de Nogal Americano, con inserci\u00f3n de piel flor opcional.  Opcional mueble lateral integrado, elaborado con tablero de fibras de MDF de 655 kg\/m\u00b3 de 40 mm de espesor y chapado con madera de Nogal Americano. Formado por una cajonera central y estantes di\u00e1fanos en cada extremo. Los estantes pueden tener acabado lacado mate. Posibilidad de fald\u00f3n integrado.  ACABADOS MADERA: Nogal Italiano, Nogal Natural, Nogal Espresso, Nogal Noir.  Acabado madera mate (poros abiertos) o acabado semibrillo (poros cerrados).  ACABADOS PIEL: Blanco, Marfil, Camel, Calabaza, Hielo, Gris, Piedra, Marr\u00f3n Claro, Rojo, Verde, Antracita, Azul, Burdeos, Ocre Oscuro, Marr\u00f3n Oscuro y Negro.  ACABADOS LACADOS MUEBLE AUXILIAR: Blanco, Marfil, Camel, Calabaza, Hielo, Gris, Piedra, Marr\u00f3n Claro, Rojo, Verde, Antracita, Azul, Burdeos, Ocre Oscuro, Marr\u00f3n Oscuro y Negro.","og_url":"https:\/\/www.francmobiliari.com\/es\/producto\/coleccion-de-la-serie-freeport\/","og_site_name":"francmobiliari.com","article_modified_time":"2025-09-11T16:20:10+00:00","og_image":[{"width":1900,"height":950,"url":"https:\/\/www.francmobiliari.com\/wp-content\/uploads\/2025\/07\/MINIATURA-SERIE-FREEPORT.jpg","type":"image\/jpeg"}],"twitter_card":"summary_large_image","schema":{"@context":"https:\/\/schema.org","@graph":[{"@type":"WebPage","@id":"https:\/\/www.francmobiliari.com\/es\/producto\/coleccion-de-la-serie-freeport\/","url":"https:\/\/www.francmobiliari.com\/es\/producto\/coleccion-de-la-serie-freeport\/","name":"COLECCI\u00d3N DE LA SERIE FREEPORT - francmobiliari.com","isPartOf":{"@id":"https:\/\/www.francmobiliari.com\/#website"},"primaryImageOfPage":{"@id":"https:\/\/www.francmobiliari.com\/es\/producto\/coleccion-de-la-serie-freeport\/#primaryimage"},"image":{"@id":"https:\/\/www.francmobiliari.com\/es\/producto\/coleccion-de-la-serie-freeport\/#primaryimage"},"thumbnailUrl":"https:\/\/www.francmobiliari.com\/wp-content\/uploads\/2025\/07\/MINIATURA-SERIE-FREEPORT.jpg","datePublished":"2025-07-17T15:37:24+00:00","dateModified":"2025-09-11T16:20:10+00:00","breadcrumb":{"@id":"https:\/\/www.francmobiliari.com\/es\/producto\/coleccion-de-la-serie-freeport\/#breadcrumb"},"inLanguage":"es","potentialAction":[{"@type":"ReadAction","target":["https:\/\/www.francmobiliari.com\/es\/producto\/coleccion-de-la-serie-freeport\/"]}]},{"@type":"ImageObject","inLanguage":"es","@id":"https:\/\/www.francmobiliari.com\/es\/producto\/coleccion-de-la-serie-freeport\/#primaryimage","url":"https:\/\/www.francmobiliari.com\/wp-content\/uploads\/2025\/07\/MINIATURA-SERIE-FREEPORT.jpg","contentUrl":"https:\/\/www.francmobiliari.com\/wp-content\/uploads\/2025\/07\/MINIATURA-SERIE-FREEPORT.jpg","width":1900,"height":950},{"@type":"BreadcrumbList","@id":"https:\/\/www.francmobiliari.com\/es\/producto\/coleccion-de-la-serie-freeport\/#breadcrumb","itemListElement":[{"@type":"ListItem","position":1,"name":"Portada","item":"https:\/\/www.francmobiliari.com\/es\/inicio\/"},{"@type":"ListItem","position":2,"name":"Tienda","item":"https:\/\/www.francmobiliari.com\/es\/tienda\/"},{"@type":"ListItem","position":3,"name":"COLECCI\u00d3N DE LA SERIE FREEPORT"}]},{"@type":"WebSite","@id":"https:\/\/www.francmobiliari.com\/#website","url":"https:\/\/www.francmobiliari.com\/","name":"francmobiliari.com","description":"","publisher":{"@id":"https:\/\/www.francmobiliari.com\/#organization"},"potentialAction":[{"@type":"SearchAction","target":{"@type":"EntryPoint","urlTemplate":"https:\/\/www.francmobiliari.com\/?s={search_term_string}"},"query-input":{"@type":"PropertyValueSpecification","valueRequired":true,"valueName":"search_term_string"}}],"inLanguage":"es"},{"@type":"Organization","@id":"https:\/\/www.francmobiliari.com\/#organization","name":"francmobiliari.com","url":"https:\/\/www.francmobiliari.com\/","logo":{"@type":"ImageObject","inLanguage":"es","@id":"https:\/\/www.francmobiliari.com\/#\/schema\/logo\/image\/","url":"https:\/\/www.francmobiliari.com\/wp-content\/uploads\/2025\/07\/img-placeholder.png","contentUrl":"https:\/\/www.francmobiliari.com\/wp-content\/uploads\/2025\/07\/img-placeholder.png","width":1500,"height":1500,"caption":"francmobiliari.com"},"image":{"@id":"https:\/\/www.francmobiliari.com\/#\/schema\/logo\/image\/"}}]}},"_links":{"self":[{"href":"https:\/\/www.francmobiliari.com\/es\/wp-json\/wp\/v2\/product\/6046","targetHints":{"allow":["GET"]}}],"collection":[{"href":"https:\/\/www.francmobiliari.com\/es\/wp-json\/wp\/v2\/product"}],"about":[{"href":"https:\/\/www.francmobiliari.com\/es\/wp-json\/wp\/v2\/types\/product"}],"wp:featuredmedia":[{"embeddable":true,"href":"https:\/\/www.francmobiliari.com\/es\/wp-json\/wp\/v2\/media\/1862"}],"wp:attachment":[{"href":"https:\/\/www.francmobiliari.com\/es\/wp-json\/wp\/v2\/media?parent=6046"}],"wp:term":[{"taxonomy":"product_brand","embeddable":true,"href":"https:\/\/www.francmobiliari.com\/es\/wp-json\/wp\/v2\/product_brand?post=6046"},{"taxonomy":"product_cat","embeddable":true,"href":"https:\/\/www.francmobiliari.com\/es\/wp-json\/wp\/v2\/product_cat?post=6046"},{"taxonomy":"product_tag","embeddable":true,"href":"https:\/\/www.francmobiliari.com\/es\/wp-json\/wp\/v2\/product_tag?post=6046"}],"curies":[{"name":"wp","href":"https:\/\/api.w.org\/{rel}","templated":true}]}}