{"id":4383,"date":"2025-07-17T17:53:06","date_gmt":"2025-07-17T15:53:06","guid":{"rendered":"https:\/\/www.francmobiliari.com\/producto\/modelo-tak\/"},"modified":"2025-09-10T23:42:51","modified_gmt":"2025-09-10T21:42:51","slug":"modelo-tak","status":"publish","type":"product","link":"https:\/\/www.francmobiliari.com\/es\/producto\/modelo-tak\/","title":{"rendered":"MODELO TAK"},"content":{"rendered":false,"protected":false},"excerpt":{"rendered":"<ul>\n<li><a href=\"\/wp-content\/uploads\/2025\/07\/FITXA-TECNICA-SERIE-TAK-3.pdf\" target=\"_blank\" rel=\"noopener\">FICHA T\u00c9CNICA SERIE TAK<\/a><\/li>\n<\/ul>\n<p>Mesas fabricadas con laterales elaborados con tablero de 40 mm de espesor. Doble fald\u00f3n estructural de 19 mm. Niveladores para la correcta nivelaci\u00f3n de la mesa.<\/p>\n<p>Sobre de mesa de 40 mm de grosor, con canto de ABS de 2 mm en todo el per\u00edmetro.<\/p>\n<p>Mesas redondas fabricadas con estructura de pata de aspa elaborada con tablero de 40 mm de espesor.<\/p>\n<p>Opcional Kits de electrificaci\u00f3n de sobremesa en las mesas rectangulares y ovaladas.<\/p>\n<p>ACABADOS MELAMINA: Acacia Clara, Acacia Oscura, Zebrano, Blanco, Casta\u00f1o Claro o Casta\u00f1o Oscuro.<\/p>\n","protected":false},"featured_media":4168,"template":"","meta":{"_acf_changed":false,"inline_featured_image":false,"_genesis_hide_title":false,"_genesis_hide_breadcrumbs":false,"_genesis_hide_singular_image":false,"_genesis_hide_footer_widgets":false,"_genesis_custom_body_class":"","_genesis_custom_post_class":"","_genesis_layout":"","_links_to":"","_links_to_target":""},"product_brand":[],"product_cat":[75],"product_tag":[],"class_list":{"0":"post-4383","1":"product","2":"type-product","3":"status-publish","4":"has-post-thumbnail","6":"product_cat-mesas-de-reuniones-de-melamina","7":"entry","9":"first","10":"instock","11":"shipping-taxable","12":"product-type-simple"},"acf":[],"yoast_head":"<!-- This site is optimized with the Yoast SEO plugin v26.2 - https:\/\/yoast.com\/wordpress\/plugins\/seo\/ -->\n<title>MODELO TAK - francmobiliari.com<\/title>\n<meta name=\"robots\" content=\"index, follow, max-snippet:-1, max-image-preview:large, max-video-preview:-1\" \/>\n<link rel=\"canonical\" href=\"https:\/\/www.francmobiliari.com\/es\/producto\/modelo-tak\/\" \/>\n<meta property=\"og:locale\" content=\"es_ES\" \/>\n<meta property=\"og:type\" content=\"article\" \/>\n<meta property=\"og:title\" content=\"MODELO TAK - francmobiliari.com\" \/>\n<meta property=\"og:description\" content=\"FICHA T\u00c9CNICA SERIE TAK  Mesas fabricadas con laterales elaborados con tablero de 40 mm de espesor. Doble fald\u00f3n estructural de 19 mm. Niveladores para la correcta nivelaci\u00f3n de la mesa.  Sobre de mesa de 40 mm de grosor, con canto de ABS de 2 mm en todo el per\u00edmetro.  Mesas redondas fabricadas con estructura de pata de aspa elaborada con tablero de 40 mm de espesor.  Opcional Kits de electrificaci\u00f3n de sobremesa en las mesas rectangulares y ovaladas.  ACABADOS MELAMINA: Acacia Clara, Acacia Oscura, Zebrano, Blanco, Casta\u00f1o Claro o Casta\u00f1o Oscuro.\" \/>\n<meta property=\"og:url\" content=\"https:\/\/www.francmobiliari.com\/es\/producto\/modelo-tak\/\" \/>\n<meta property=\"og:site_name\" content=\"francmobiliari.com\" \/>\n<meta property=\"article:modified_time\" content=\"2025-09-10T21:42:51+00:00\" \/>\n<meta property=\"og:image\" content=\"https:\/\/www.francmobiliari.com\/wp-content\/uploads\/2025\/07\/MINIATURA-TAULA-DE-REUNIONS-TAK.jpg\" \/>\n\t<meta property=\"og:image:width\" content=\"677\" \/>\n\t<meta property=\"og:image:height\" content=\"516\" \/>\n\t<meta property=\"og:image:type\" content=\"image\/jpeg\" \/>\n<meta name=\"twitter:card\" content=\"summary_large_image\" \/>\n<script type=\"application\/ld+json\" class=\"yoast-schema-graph\">{\"@context\":\"https:\/\/schema.org\",\"@graph\":[{\"@type\":\"WebPage\",\"@id\":\"https:\/\/www.francmobiliari.com\/es\/producto\/modelo-tak\/\",\"url\":\"https:\/\/www.francmobiliari.com\/es\/producto\/modelo-tak\/\",\"name\":\"MODELO TAK - francmobiliari.com\",\"isPartOf\":{\"@id\":\"https:\/\/www.francmobiliari.com\/#website\"},\"primaryImageOfPage\":{\"@id\":\"https:\/\/www.francmobiliari.com\/es\/producto\/modelo-tak\/#primaryimage\"},\"image\":{\"@id\":\"https:\/\/www.francmobiliari.com\/es\/producto\/modelo-tak\/#primaryimage\"},\"thumbnailUrl\":\"https:\/\/www.francmobiliari.com\/wp-content\/uploads\/2025\/07\/MINIATURA-TAULA-DE-REUNIONS-TAK.jpg\",\"datePublished\":\"2025-07-17T15:53:06+00:00\",\"dateModified\":\"2025-09-10T21:42:51+00:00\",\"breadcrumb\":{\"@id\":\"https:\/\/www.francmobiliari.com\/es\/producto\/modelo-tak\/#breadcrumb\"},\"inLanguage\":\"es\",\"potentialAction\":[{\"@type\":\"ReadAction\",\"target\":[\"https:\/\/www.francmobiliari.com\/es\/producto\/modelo-tak\/\"]}]},{\"@type\":\"ImageObject\",\"inLanguage\":\"es\",\"@id\":\"https:\/\/www.francmobiliari.com\/es\/producto\/modelo-tak\/#primaryimage\",\"url\":\"https:\/\/www.francmobiliari.com\/wp-content\/uploads\/2025\/07\/MINIATURA-TAULA-DE-REUNIONS-TAK.jpg\",\"contentUrl\":\"https:\/\/www.francmobiliari.com\/wp-content\/uploads\/2025\/07\/MINIATURA-TAULA-DE-REUNIONS-TAK.jpg\",\"width\":677,\"height\":516},{\"@type\":\"BreadcrumbList\",\"@id\":\"https:\/\/www.francmobiliari.com\/es\/producto\/modelo-tak\/#breadcrumb\",\"itemListElement\":[{\"@type\":\"ListItem\",\"position\":1,\"name\":\"Portada\",\"item\":\"https:\/\/www.francmobiliari.com\/es\/inicio\/\"},{\"@type\":\"ListItem\",\"position\":2,\"name\":\"Tienda\",\"item\":\"https:\/\/www.francmobiliari.com\/es\/tienda\/\"},{\"@type\":\"ListItem\",\"position\":3,\"name\":\"MODELO TAK\"}]},{\"@type\":\"WebSite\",\"@id\":\"https:\/\/www.francmobiliari.com\/#website\",\"url\":\"https:\/\/www.francmobiliari.com\/\",\"name\":\"francmobiliari.com\",\"description\":\"\",\"publisher\":{\"@id\":\"https:\/\/www.francmobiliari.com\/#organization\"},\"potentialAction\":[{\"@type\":\"SearchAction\",\"target\":{\"@type\":\"EntryPoint\",\"urlTemplate\":\"https:\/\/www.francmobiliari.com\/?s={search_term_string}\"},\"query-input\":{\"@type\":\"PropertyValueSpecification\",\"valueRequired\":true,\"valueName\":\"search_term_string\"}}],\"inLanguage\":\"es\"},{\"@type\":\"Organization\",\"@id\":\"https:\/\/www.francmobiliari.com\/#organization\",\"name\":\"francmobiliari.com\",\"url\":\"https:\/\/www.francmobiliari.com\/\",\"logo\":{\"@type\":\"ImageObject\",\"inLanguage\":\"es\",\"@id\":\"https:\/\/www.francmobiliari.com\/#\/schema\/logo\/image\/\",\"url\":\"https:\/\/www.francmobiliari.com\/wp-content\/uploads\/2025\/07\/img-placeholder.png\",\"contentUrl\":\"https:\/\/www.francmobiliari.com\/wp-content\/uploads\/2025\/07\/img-placeholder.png\",\"width\":1500,\"height\":1500,\"caption\":\"francmobiliari.com\"},\"image\":{\"@id\":\"https:\/\/www.francmobiliari.com\/#\/schema\/logo\/image\/\"}}]}<\/script>\n<!-- \/ Yoast SEO plugin. -->","yoast_head_json":{"title":"MODELO TAK - francmobiliari.com","robots":{"index":"index","follow":"follow","max-snippet":"max-snippet:-1","max-image-preview":"max-image-preview:large","max-video-preview":"max-video-preview:-1"},"canonical":"https:\/\/www.francmobiliari.com\/es\/producto\/modelo-tak\/","og_locale":"es_ES","og_type":"article","og_title":"MODELO TAK - francmobiliari.com","og_description":"FICHA T\u00c9CNICA SERIE TAK  Mesas fabricadas con laterales elaborados con tablero de 40 mm de espesor. Doble fald\u00f3n estructural de 19 mm. Niveladores para la correcta nivelaci\u00f3n de la mesa.  Sobre de mesa de 40 mm de grosor, con canto de ABS de 2 mm en todo el per\u00edmetro.  Mesas redondas fabricadas con estructura de pata de aspa elaborada con tablero de 40 mm de espesor.  Opcional Kits de electrificaci\u00f3n de sobremesa en las mesas rectangulares y ovaladas.  ACABADOS MELAMINA: Acacia Clara, Acacia Oscura, Zebrano, Blanco, Casta\u00f1o Claro o Casta\u00f1o Oscuro.","og_url":"https:\/\/www.francmobiliari.com\/es\/producto\/modelo-tak\/","og_site_name":"francmobiliari.com","article_modified_time":"2025-09-10T21:42:51+00:00","og_image":[{"width":677,"height":516,"url":"https:\/\/www.francmobiliari.com\/wp-content\/uploads\/2025\/07\/MINIATURA-TAULA-DE-REUNIONS-TAK.jpg","type":"image\/jpeg"}],"twitter_card":"summary_large_image","schema":{"@context":"https:\/\/schema.org","@graph":[{"@type":"WebPage","@id":"https:\/\/www.francmobiliari.com\/es\/producto\/modelo-tak\/","url":"https:\/\/www.francmobiliari.com\/es\/producto\/modelo-tak\/","name":"MODELO TAK - francmobiliari.com","isPartOf":{"@id":"https:\/\/www.francmobiliari.com\/#website"},"primaryImageOfPage":{"@id":"https:\/\/www.francmobiliari.com\/es\/producto\/modelo-tak\/#primaryimage"},"image":{"@id":"https:\/\/www.francmobiliari.com\/es\/producto\/modelo-tak\/#primaryimage"},"thumbnailUrl":"https:\/\/www.francmobiliari.com\/wp-content\/uploads\/2025\/07\/MINIATURA-TAULA-DE-REUNIONS-TAK.jpg","datePublished":"2025-07-17T15:53:06+00:00","dateModified":"2025-09-10T21:42:51+00:00","breadcrumb":{"@id":"https:\/\/www.francmobiliari.com\/es\/producto\/modelo-tak\/#breadcrumb"},"inLanguage":"es","potentialAction":[{"@type":"ReadAction","target":["https:\/\/www.francmobiliari.com\/es\/producto\/modelo-tak\/"]}]},{"@type":"ImageObject","inLanguage":"es","@id":"https:\/\/www.francmobiliari.com\/es\/producto\/modelo-tak\/#primaryimage","url":"https:\/\/www.francmobiliari.com\/wp-content\/uploads\/2025\/07\/MINIATURA-TAULA-DE-REUNIONS-TAK.jpg","contentUrl":"https:\/\/www.francmobiliari.com\/wp-content\/uploads\/2025\/07\/MINIATURA-TAULA-DE-REUNIONS-TAK.jpg","width":677,"height":516},{"@type":"BreadcrumbList","@id":"https:\/\/www.francmobiliari.com\/es\/producto\/modelo-tak\/#breadcrumb","itemListElement":[{"@type":"ListItem","position":1,"name":"Portada","item":"https:\/\/www.francmobiliari.com\/es\/inicio\/"},{"@type":"ListItem","position":2,"name":"Tienda","item":"https:\/\/www.francmobiliari.com\/es\/tienda\/"},{"@type":"ListItem","position":3,"name":"MODELO TAK"}]},{"@type":"WebSite","@id":"https:\/\/www.francmobiliari.com\/#website","url":"https:\/\/www.francmobiliari.com\/","name":"francmobiliari.com","description":"","publisher":{"@id":"https:\/\/www.francmobiliari.com\/#organization"},"potentialAction":[{"@type":"SearchAction","target":{"@type":"EntryPoint","urlTemplate":"https:\/\/www.francmobiliari.com\/?s={search_term_string}"},"query-input":{"@type":"PropertyValueSpecification","valueRequired":true,"valueName":"search_term_string"}}],"inLanguage":"es"},{"@type":"Organization","@id":"https:\/\/www.francmobiliari.com\/#organization","name":"francmobiliari.com","url":"https:\/\/www.francmobiliari.com\/","logo":{"@type":"ImageObject","inLanguage":"es","@id":"https:\/\/www.francmobiliari.com\/#\/schema\/logo\/image\/","url":"https:\/\/www.francmobiliari.com\/wp-content\/uploads\/2025\/07\/img-placeholder.png","contentUrl":"https:\/\/www.francmobiliari.com\/wp-content\/uploads\/2025\/07\/img-placeholder.png","width":1500,"height":1500,"caption":"francmobiliari.com"},"image":{"@id":"https:\/\/www.francmobiliari.com\/#\/schema\/logo\/image\/"}}]}},"_links":{"self":[{"href":"https:\/\/www.francmobiliari.com\/es\/wp-json\/wp\/v2\/product\/4383","targetHints":{"allow":["GET"]}}],"collection":[{"href":"https:\/\/www.francmobiliari.com\/es\/wp-json\/wp\/v2\/product"}],"about":[{"href":"https:\/\/www.francmobiliari.com\/es\/wp-json\/wp\/v2\/types\/product"}],"wp:featuredmedia":[{"embeddable":true,"href":"https:\/\/www.francmobiliari.com\/es\/wp-json\/wp\/v2\/media\/4168"}],"wp:attachment":[{"href":"https:\/\/www.francmobiliari.com\/es\/wp-json\/wp\/v2\/media?parent=4383"}],"wp:term":[{"taxonomy":"product_brand","embeddable":true,"href":"https:\/\/www.francmobiliari.com\/es\/wp-json\/wp\/v2\/product_brand?post=4383"},{"taxonomy":"product_cat","embeddable":true,"href":"https:\/\/www.francmobiliari.com\/es\/wp-json\/wp\/v2\/product_cat?post=4383"},{"taxonomy":"product_tag","embeddable":true,"href":"https:\/\/www.francmobiliari.com\/es\/wp-json\/wp\/v2\/product_tag?post=4383"}],"curies":[{"name":"wp","href":"https:\/\/api.w.org\/{rel}","templated":true}]}}