{"id":4382,"date":"2025-07-17T17:52:39","date_gmt":"2025-07-17T15:52:39","guid":{"rendered":"https:\/\/www.francmobiliari.com\/producto\/modelo-sigma\/"},"modified":"2025-09-10T23:49:12","modified_gmt":"2025-09-10T21:49:12","slug":"modelo-sigma","status":"publish","type":"product","link":"https:\/\/www.francmobiliari.com\/es\/producto\/modelo-sigma\/","title":{"rendered":"MODELO SIGMA"},"content":{"rendered":false,"protected":false},"excerpt":{"rendered":"<ul>\n<li><a href=\"\/wp-content\/uploads\/2025\/07\/CATALEG-SERIE-SIGMA-1.pdf\" target=\"_blank\" rel=\"noopener\">CAT\u00c1LOGO SERIE SIGMA<\/a><\/li>\n<li><a href=\"\/wp-content\/uploads\/2025\/07\/FITXA-TECNICA-SERIE-SIGMA-1.pdf\" target=\"_blank\" rel=\"noopener\">FICHA T\u00c9CNICA SERIE SIGMA<\/a><\/li>\n<\/ul>\n<p>Mesas fabricadas con estructura en forma de aspa de acero de 1,55 mm de grosor. Con tapa extra\u00edble para el paso del cableado. Niveladores para regular altura \u00b110 mm.<\/p>\n<p>Los sobres de mesa elaborados con tablero de melamina de 25 mm de espesor, chapado con canto de ABS de 2 mm. Opcional Kits de electrificaci\u00f3n de sobremesa.<\/p>\n<p>ACABADOS ESTRUCTURA: Plata (RAL 9006), Blanco (RAL 9016) y Grafito (RAL 7022).<\/p>\n<p>ACABADOS SOBRES DE MELAMINA: Grafito, Blanco, Gris, Haya, Roble, Peral, Wengu\u00e9, Acacia Clara, Acacia Oscura, Zebrano, Casta\u00f1o Claro o Casta\u00f1o Oscuro.<\/p>\n","protected":false},"featured_media":4146,"template":"","meta":{"_acf_changed":false,"inline_featured_image":false,"_genesis_hide_title":false,"_genesis_hide_breadcrumbs":false,"_genesis_hide_singular_image":false,"_genesis_hide_footer_widgets":false,"_genesis_custom_body_class":"","_genesis_custom_post_class":"","_genesis_layout":"","_links_to":"","_links_to_target":""},"product_brand":[],"product_cat":[75],"product_tag":[],"class_list":{"0":"post-4382","1":"product","2":"type-product","3":"status-publish","4":"has-post-thumbnail","6":"product_cat-mesas-de-reuniones-de-melamina","7":"entry","9":"first","10":"instock","11":"shipping-taxable","12":"product-type-simple"},"acf":[],"yoast_head":"<!-- This site is optimized with the Yoast SEO plugin v26.2 - https:\/\/yoast.com\/wordpress\/plugins\/seo\/ -->\n<title>MODELO SIGMA - francmobiliari.com<\/title>\n<meta name=\"robots\" content=\"index, follow, max-snippet:-1, max-image-preview:large, max-video-preview:-1\" \/>\n<link rel=\"canonical\" href=\"https:\/\/www.francmobiliari.com\/es\/producto\/modelo-sigma\/\" \/>\n<meta property=\"og:locale\" content=\"es_ES\" \/>\n<meta property=\"og:type\" content=\"article\" \/>\n<meta property=\"og:title\" content=\"MODELO SIGMA - francmobiliari.com\" \/>\n<meta property=\"og:description\" content=\"CAT\u00c1LOGO SERIE SIGMA  FICHA T\u00c9CNICA SERIE SIGMA  Mesas fabricadas con estructura en forma de aspa de acero de 1,55 mm de grosor. Con tapa extra\u00edble para el paso del cableado. Niveladores para regular altura \u00b110 mm.  Los sobres de mesa elaborados con tablero de melamina de 25 mm de espesor, chapado con canto de ABS de 2 mm. Opcional Kits de electrificaci\u00f3n de sobremesa.  ACABADOS ESTRUCTURA: Plata (RAL 9006), Blanco (RAL 9016) y Grafito (RAL 7022).  ACABADOS SOBRES DE MELAMINA: Grafito, Blanco, Gris, Haya, Roble, Peral, Wengu\u00e9, Acacia Clara, Acacia Oscura, Zebrano, Casta\u00f1o Claro o Casta\u00f1o Oscuro.\" \/>\n<meta property=\"og:url\" content=\"https:\/\/www.francmobiliari.com\/es\/producto\/modelo-sigma\/\" \/>\n<meta property=\"og:site_name\" content=\"francmobiliari.com\" \/>\n<meta property=\"article:modified_time\" content=\"2025-09-10T21:49:12+00:00\" \/>\n<meta property=\"og:image\" content=\"https:\/\/www.francmobiliari.com\/wp-content\/uploads\/2025\/07\/MINIATURA-TAULA-DE-REUNIONS-SIGMA.jpg\" \/>\n\t<meta property=\"og:image:width\" content=\"541\" \/>\n\t<meta property=\"og:image:height\" content=\"486\" \/>\n\t<meta property=\"og:image:type\" content=\"image\/jpeg\" \/>\n<meta name=\"twitter:card\" content=\"summary_large_image\" \/>\n<script type=\"application\/ld+json\" class=\"yoast-schema-graph\">{\"@context\":\"https:\/\/schema.org\",\"@graph\":[{\"@type\":\"WebPage\",\"@id\":\"https:\/\/www.francmobiliari.com\/es\/producto\/modelo-sigma\/\",\"url\":\"https:\/\/www.francmobiliari.com\/es\/producto\/modelo-sigma\/\",\"name\":\"MODELO SIGMA - francmobiliari.com\",\"isPartOf\":{\"@id\":\"https:\/\/www.francmobiliari.com\/#website\"},\"primaryImageOfPage\":{\"@id\":\"https:\/\/www.francmobiliari.com\/es\/producto\/modelo-sigma\/#primaryimage\"},\"image\":{\"@id\":\"https:\/\/www.francmobiliari.com\/es\/producto\/modelo-sigma\/#primaryimage\"},\"thumbnailUrl\":\"https:\/\/www.francmobiliari.com\/wp-content\/uploads\/2025\/07\/MINIATURA-TAULA-DE-REUNIONS-SIGMA.jpg\",\"datePublished\":\"2025-07-17T15:52:39+00:00\",\"dateModified\":\"2025-09-10T21:49:12+00:00\",\"breadcrumb\":{\"@id\":\"https:\/\/www.francmobiliari.com\/es\/producto\/modelo-sigma\/#breadcrumb\"},\"inLanguage\":\"es\",\"potentialAction\":[{\"@type\":\"ReadAction\",\"target\":[\"https:\/\/www.francmobiliari.com\/es\/producto\/modelo-sigma\/\"]}]},{\"@type\":\"ImageObject\",\"inLanguage\":\"es\",\"@id\":\"https:\/\/www.francmobiliari.com\/es\/producto\/modelo-sigma\/#primaryimage\",\"url\":\"https:\/\/www.francmobiliari.com\/wp-content\/uploads\/2025\/07\/MINIATURA-TAULA-DE-REUNIONS-SIGMA.jpg\",\"contentUrl\":\"https:\/\/www.francmobiliari.com\/wp-content\/uploads\/2025\/07\/MINIATURA-TAULA-DE-REUNIONS-SIGMA.jpg\",\"width\":541,\"height\":486},{\"@type\":\"BreadcrumbList\",\"@id\":\"https:\/\/www.francmobiliari.com\/es\/producto\/modelo-sigma\/#breadcrumb\",\"itemListElement\":[{\"@type\":\"ListItem\",\"position\":1,\"name\":\"Portada\",\"item\":\"https:\/\/www.francmobiliari.com\/es\/inicio\/\"},{\"@type\":\"ListItem\",\"position\":2,\"name\":\"Tienda\",\"item\":\"https:\/\/www.francmobiliari.com\/es\/tienda\/\"},{\"@type\":\"ListItem\",\"position\":3,\"name\":\"MODELO SIGMA\"}]},{\"@type\":\"WebSite\",\"@id\":\"https:\/\/www.francmobiliari.com\/#website\",\"url\":\"https:\/\/www.francmobiliari.com\/\",\"name\":\"francmobiliari.com\",\"description\":\"\",\"publisher\":{\"@id\":\"https:\/\/www.francmobiliari.com\/#organization\"},\"potentialAction\":[{\"@type\":\"SearchAction\",\"target\":{\"@type\":\"EntryPoint\",\"urlTemplate\":\"https:\/\/www.francmobiliari.com\/?s={search_term_string}\"},\"query-input\":{\"@type\":\"PropertyValueSpecification\",\"valueRequired\":true,\"valueName\":\"search_term_string\"}}],\"inLanguage\":\"es\"},{\"@type\":\"Organization\",\"@id\":\"https:\/\/www.francmobiliari.com\/#organization\",\"name\":\"francmobiliari.com\",\"url\":\"https:\/\/www.francmobiliari.com\/\",\"logo\":{\"@type\":\"ImageObject\",\"inLanguage\":\"es\",\"@id\":\"https:\/\/www.francmobiliari.com\/#\/schema\/logo\/image\/\",\"url\":\"https:\/\/www.francmobiliari.com\/wp-content\/uploads\/2025\/07\/img-placeholder.png\",\"contentUrl\":\"https:\/\/www.francmobiliari.com\/wp-content\/uploads\/2025\/07\/img-placeholder.png\",\"width\":1500,\"height\":1500,\"caption\":\"francmobiliari.com\"},\"image\":{\"@id\":\"https:\/\/www.francmobiliari.com\/#\/schema\/logo\/image\/\"}}]}<\/script>\n<!-- \/ Yoast SEO plugin. -->","yoast_head_json":{"title":"MODELO SIGMA - francmobiliari.com","robots":{"index":"index","follow":"follow","max-snippet":"max-snippet:-1","max-image-preview":"max-image-preview:large","max-video-preview":"max-video-preview:-1"},"canonical":"https:\/\/www.francmobiliari.com\/es\/producto\/modelo-sigma\/","og_locale":"es_ES","og_type":"article","og_title":"MODELO SIGMA - francmobiliari.com","og_description":"CAT\u00c1LOGO SERIE SIGMA  FICHA T\u00c9CNICA SERIE SIGMA  Mesas fabricadas con estructura en forma de aspa de acero de 1,55 mm de grosor. Con tapa extra\u00edble para el paso del cableado. Niveladores para regular altura \u00b110 mm.  Los sobres de mesa elaborados con tablero de melamina de 25 mm de espesor, chapado con canto de ABS de 2 mm. Opcional Kits de electrificaci\u00f3n de sobremesa.  ACABADOS ESTRUCTURA: Plata (RAL 9006), Blanco (RAL 9016) y Grafito (RAL 7022).  ACABADOS SOBRES DE MELAMINA: Grafito, Blanco, Gris, Haya, Roble, Peral, Wengu\u00e9, Acacia Clara, Acacia Oscura, Zebrano, Casta\u00f1o Claro o Casta\u00f1o Oscuro.","og_url":"https:\/\/www.francmobiliari.com\/es\/producto\/modelo-sigma\/","og_site_name":"francmobiliari.com","article_modified_time":"2025-09-10T21:49:12+00:00","og_image":[{"width":541,"height":486,"url":"https:\/\/www.francmobiliari.com\/wp-content\/uploads\/2025\/07\/MINIATURA-TAULA-DE-REUNIONS-SIGMA.jpg","type":"image\/jpeg"}],"twitter_card":"summary_large_image","schema":{"@context":"https:\/\/schema.org","@graph":[{"@type":"WebPage","@id":"https:\/\/www.francmobiliari.com\/es\/producto\/modelo-sigma\/","url":"https:\/\/www.francmobiliari.com\/es\/producto\/modelo-sigma\/","name":"MODELO SIGMA - francmobiliari.com","isPartOf":{"@id":"https:\/\/www.francmobiliari.com\/#website"},"primaryImageOfPage":{"@id":"https:\/\/www.francmobiliari.com\/es\/producto\/modelo-sigma\/#primaryimage"},"image":{"@id":"https:\/\/www.francmobiliari.com\/es\/producto\/modelo-sigma\/#primaryimage"},"thumbnailUrl":"https:\/\/www.francmobiliari.com\/wp-content\/uploads\/2025\/07\/MINIATURA-TAULA-DE-REUNIONS-SIGMA.jpg","datePublished":"2025-07-17T15:52:39+00:00","dateModified":"2025-09-10T21:49:12+00:00","breadcrumb":{"@id":"https:\/\/www.francmobiliari.com\/es\/producto\/modelo-sigma\/#breadcrumb"},"inLanguage":"es","potentialAction":[{"@type":"ReadAction","target":["https:\/\/www.francmobiliari.com\/es\/producto\/modelo-sigma\/"]}]},{"@type":"ImageObject","inLanguage":"es","@id":"https:\/\/www.francmobiliari.com\/es\/producto\/modelo-sigma\/#primaryimage","url":"https:\/\/www.francmobiliari.com\/wp-content\/uploads\/2025\/07\/MINIATURA-TAULA-DE-REUNIONS-SIGMA.jpg","contentUrl":"https:\/\/www.francmobiliari.com\/wp-content\/uploads\/2025\/07\/MINIATURA-TAULA-DE-REUNIONS-SIGMA.jpg","width":541,"height":486},{"@type":"BreadcrumbList","@id":"https:\/\/www.francmobiliari.com\/es\/producto\/modelo-sigma\/#breadcrumb","itemListElement":[{"@type":"ListItem","position":1,"name":"Portada","item":"https:\/\/www.francmobiliari.com\/es\/inicio\/"},{"@type":"ListItem","position":2,"name":"Tienda","item":"https:\/\/www.francmobiliari.com\/es\/tienda\/"},{"@type":"ListItem","position":3,"name":"MODELO SIGMA"}]},{"@type":"WebSite","@id":"https:\/\/www.francmobiliari.com\/#website","url":"https:\/\/www.francmobiliari.com\/","name":"francmobiliari.com","description":"","publisher":{"@id":"https:\/\/www.francmobiliari.com\/#organization"},"potentialAction":[{"@type":"SearchAction","target":{"@type":"EntryPoint","urlTemplate":"https:\/\/www.francmobiliari.com\/?s={search_term_string}"},"query-input":{"@type":"PropertyValueSpecification","valueRequired":true,"valueName":"search_term_string"}}],"inLanguage":"es"},{"@type":"Organization","@id":"https:\/\/www.francmobiliari.com\/#organization","name":"francmobiliari.com","url":"https:\/\/www.francmobiliari.com\/","logo":{"@type":"ImageObject","inLanguage":"es","@id":"https:\/\/www.francmobiliari.com\/#\/schema\/logo\/image\/","url":"https:\/\/www.francmobiliari.com\/wp-content\/uploads\/2025\/07\/img-placeholder.png","contentUrl":"https:\/\/www.francmobiliari.com\/wp-content\/uploads\/2025\/07\/img-placeholder.png","width":1500,"height":1500,"caption":"francmobiliari.com"},"image":{"@id":"https:\/\/www.francmobiliari.com\/#\/schema\/logo\/image\/"}}]}},"_links":{"self":[{"href":"https:\/\/www.francmobiliari.com\/es\/wp-json\/wp\/v2\/product\/4382","targetHints":{"allow":["GET"]}}],"collection":[{"href":"https:\/\/www.francmobiliari.com\/es\/wp-json\/wp\/v2\/product"}],"about":[{"href":"https:\/\/www.francmobiliari.com\/es\/wp-json\/wp\/v2\/types\/product"}],"wp:featuredmedia":[{"embeddable":true,"href":"https:\/\/www.francmobiliari.com\/es\/wp-json\/wp\/v2\/media\/4146"}],"wp:attachment":[{"href":"https:\/\/www.francmobiliari.com\/es\/wp-json\/wp\/v2\/media?parent=4382"}],"wp:term":[{"taxonomy":"product_brand","embeddable":true,"href":"https:\/\/www.francmobiliari.com\/es\/wp-json\/wp\/v2\/product_brand?post=4382"},{"taxonomy":"product_cat","embeddable":true,"href":"https:\/\/www.francmobiliari.com\/es\/wp-json\/wp\/v2\/product_cat?post=4382"},{"taxonomy":"product_tag","embeddable":true,"href":"https:\/\/www.francmobiliari.com\/es\/wp-json\/wp\/v2\/product_tag?post=4382"}],"curies":[{"name":"wp","href":"https:\/\/api.w.org\/{rel}","templated":true}]}}