{"id":4378,"date":"2025-07-17T17:52:39","date_gmt":"2025-07-17T15:52:39","guid":{"rendered":"https:\/\/www.francmobiliari.com\/producto\/modelo-adapta-y-adapta-2\/"},"modified":"2025-09-10T23:45:33","modified_gmt":"2025-09-10T21:45:33","slug":"modelo-adapta-y-adapta-2","status":"publish","type":"product","link":"https:\/\/www.francmobiliari.com\/es\/producto\/modelo-adapta-y-adapta-2\/","title":{"rendered":"MODELO ADAPTA + Y ADAPTA 2 +"},"content":{"rendered":false,"protected":false},"excerpt":{"rendered":"<ul>\n<li><a href=\"https:\/\/www.francmobiliari.com\/wp-content\/uploads\/2022\/11\/FITXA-TECNICA-SERIE-ADAPTA-PLUS-I-ADAPTA-2PLUS-3.pdf\" target=\"_blank\" rel=\"noopener\">FICHA T\u00c9CNICA SERIE ADAPTA PLUS Y ADAPTA 2PLUS<\/a><\/li>\n<\/ul>\n<p>Mesas fabricadas con estructura en forma de \u201cU\u201d invertida para el modelo Adapta Plus y en forma de \u201cO\u201d con perfil cerrado por la parte inferior para el modelo Adapta 2 Plus, con tubo de 60 \u00d7 30 mm para columnas verticales y tubo de 45 \u00d7 45 mm para los travesa\u00f1os horizontales, de 2 mm de grosor. Doble viga central bajo el sobre para unir los laterales. Niveladores para regular la altura \u00b1 15 mm.<\/p>\n<p>Mesas redondas con estructura de pie central y base circular.<\/p>\n<p>Los sobres de mesa elaborados con tablero de melamina de 19 mm de grosor, chapados con canto de PVC de 2 mm. Opcional kits de electrificaci\u00f3n de sobremesa (no en mesas con pie central).<\/p>\n<p>ACABADOS ESTRUCTURA: Aluminio Texturizado, Blanco y Negro Mate.<\/p>\n<p>ACABADOS MELAMINA: Blanco, Gris, Aluminio, Arce Americano, Negro Mate, Roble, Roble Aurora, Roble Azabache o Nogal Siena.<\/p>\n","protected":false},"featured_media":4128,"template":"","meta":{"_acf_changed":false,"inline_featured_image":false,"_genesis_hide_title":false,"_genesis_hide_breadcrumbs":false,"_genesis_hide_singular_image":false,"_genesis_hide_footer_widgets":false,"_genesis_custom_body_class":"","_genesis_custom_post_class":"","_genesis_layout":"","_links_to":"","_links_to_target":""},"product_brand":[],"product_cat":[75],"product_tag":[],"class_list":{"0":"post-4378","1":"product","2":"type-product","3":"status-publish","4":"has-post-thumbnail","6":"product_cat-mesas-de-reuniones-de-melamina","7":"entry","9":"first","10":"instock","11":"shipping-taxable","12":"product-type-simple"},"acf":[],"yoast_head":"<!-- This site is optimized with the Yoast SEO plugin v26.2 - https:\/\/yoast.com\/wordpress\/plugins\/seo\/ -->\n<title>MODELO ADAPTA + Y ADAPTA 2 + - francmobiliari.com<\/title>\n<meta name=\"robots\" content=\"index, follow, max-snippet:-1, max-image-preview:large, max-video-preview:-1\" \/>\n<link rel=\"canonical\" href=\"https:\/\/www.francmobiliari.com\/es\/producto\/modelo-adapta-y-adapta-2\/\" \/>\n<meta property=\"og:locale\" content=\"es_ES\" \/>\n<meta property=\"og:type\" content=\"article\" \/>\n<meta property=\"og:title\" content=\"MODELO ADAPTA + Y ADAPTA 2 + - francmobiliari.com\" \/>\n<meta property=\"og:description\" content=\"FICHA T\u00c9CNICA SERIE ADAPTA PLUS Y ADAPTA 2PLUS  Mesas fabricadas con estructura en forma de \u201cU\u201d invertida para el modelo Adapta Plus y en forma de \u201cO\u201d con perfil cerrado por la parte inferior para el modelo Adapta 2 Plus, con tubo de 60 \u00d7 30 mm para columnas verticales y tubo de 45 \u00d7 45 mm para los travesa\u00f1os horizontales, de 2 mm de grosor. Doble viga central bajo el sobre para unir los laterales. Niveladores para regular la altura \u00b1 15 mm.  Mesas redondas con estructura de pie central y base circular.  Los sobres de mesa elaborados con tablero de melamina de 19 mm de grosor, chapados con canto de PVC de 2 mm. Opcional kits de electrificaci\u00f3n de sobremesa (no en mesas con pie central).  ACABADOS ESTRUCTURA: Aluminio Texturizado, Blanco y Negro Mate.  ACABADOS MELAMINA: Blanco, Gris, Aluminio, Arce Americano, Negro Mate, Roble, Roble Aurora, Roble Azabache o Nogal Siena.\" \/>\n<meta property=\"og:url\" content=\"https:\/\/www.francmobiliari.com\/es\/producto\/modelo-adapta-y-adapta-2\/\" \/>\n<meta property=\"og:site_name\" content=\"francmobiliari.com\" \/>\n<meta property=\"article:modified_time\" content=\"2025-09-10T21:45:33+00:00\" \/>\n<meta property=\"og:image\" content=\"https:\/\/www.francmobiliari.com\/wp-content\/uploads\/2025\/07\/MINIATURA-TAULA-DE-REUNIONS-ADAPTA-2.jpg\" \/>\n\t<meta property=\"og:image:width\" content=\"1027\" \/>\n\t<meta property=\"og:image:height\" content=\"805\" \/>\n\t<meta property=\"og:image:type\" content=\"image\/jpeg\" \/>\n<meta name=\"twitter:card\" content=\"summary_large_image\" \/>\n<script type=\"application\/ld+json\" class=\"yoast-schema-graph\">{\"@context\":\"https:\/\/schema.org\",\"@graph\":[{\"@type\":\"WebPage\",\"@id\":\"https:\/\/www.francmobiliari.com\/es\/producto\/modelo-adapta-y-adapta-2\/\",\"url\":\"https:\/\/www.francmobiliari.com\/es\/producto\/modelo-adapta-y-adapta-2\/\",\"name\":\"MODELO ADAPTA + Y ADAPTA 2 + - francmobiliari.com\",\"isPartOf\":{\"@id\":\"https:\/\/www.francmobiliari.com\/#website\"},\"primaryImageOfPage\":{\"@id\":\"https:\/\/www.francmobiliari.com\/es\/producto\/modelo-adapta-y-adapta-2\/#primaryimage\"},\"image\":{\"@id\":\"https:\/\/www.francmobiliari.com\/es\/producto\/modelo-adapta-y-adapta-2\/#primaryimage\"},\"thumbnailUrl\":\"https:\/\/www.francmobiliari.com\/wp-content\/uploads\/2025\/07\/MINIATURA-TAULA-DE-REUNIONS-ADAPTA-2.jpg\",\"datePublished\":\"2025-07-17T15:52:39+00:00\",\"dateModified\":\"2025-09-10T21:45:33+00:00\",\"breadcrumb\":{\"@id\":\"https:\/\/www.francmobiliari.com\/es\/producto\/modelo-adapta-y-adapta-2\/#breadcrumb\"},\"inLanguage\":\"es\",\"potentialAction\":[{\"@type\":\"ReadAction\",\"target\":[\"https:\/\/www.francmobiliari.com\/es\/producto\/modelo-adapta-y-adapta-2\/\"]}]},{\"@type\":\"ImageObject\",\"inLanguage\":\"es\",\"@id\":\"https:\/\/www.francmobiliari.com\/es\/producto\/modelo-adapta-y-adapta-2\/#primaryimage\",\"url\":\"https:\/\/www.francmobiliari.com\/wp-content\/uploads\/2025\/07\/MINIATURA-TAULA-DE-REUNIONS-ADAPTA-2.jpg\",\"contentUrl\":\"https:\/\/www.francmobiliari.com\/wp-content\/uploads\/2025\/07\/MINIATURA-TAULA-DE-REUNIONS-ADAPTA-2.jpg\",\"width\":1027,\"height\":805},{\"@type\":\"BreadcrumbList\",\"@id\":\"https:\/\/www.francmobiliari.com\/es\/producto\/modelo-adapta-y-adapta-2\/#breadcrumb\",\"itemListElement\":[{\"@type\":\"ListItem\",\"position\":1,\"name\":\"Portada\",\"item\":\"https:\/\/www.francmobiliari.com\/es\/inicio\/\"},{\"@type\":\"ListItem\",\"position\":2,\"name\":\"Tienda\",\"item\":\"https:\/\/www.francmobiliari.com\/es\/tienda\/\"},{\"@type\":\"ListItem\",\"position\":3,\"name\":\"MODELO ADAPTA + Y ADAPTA 2 +\"}]},{\"@type\":\"WebSite\",\"@id\":\"https:\/\/www.francmobiliari.com\/#website\",\"url\":\"https:\/\/www.francmobiliari.com\/\",\"name\":\"francmobiliari.com\",\"description\":\"\",\"publisher\":{\"@id\":\"https:\/\/www.francmobiliari.com\/#organization\"},\"potentialAction\":[{\"@type\":\"SearchAction\",\"target\":{\"@type\":\"EntryPoint\",\"urlTemplate\":\"https:\/\/www.francmobiliari.com\/?s={search_term_string}\"},\"query-input\":{\"@type\":\"PropertyValueSpecification\",\"valueRequired\":true,\"valueName\":\"search_term_string\"}}],\"inLanguage\":\"es\"},{\"@type\":\"Organization\",\"@id\":\"https:\/\/www.francmobiliari.com\/#organization\",\"name\":\"francmobiliari.com\",\"url\":\"https:\/\/www.francmobiliari.com\/\",\"logo\":{\"@type\":\"ImageObject\",\"inLanguage\":\"es\",\"@id\":\"https:\/\/www.francmobiliari.com\/#\/schema\/logo\/image\/\",\"url\":\"https:\/\/www.francmobiliari.com\/wp-content\/uploads\/2025\/07\/img-placeholder.png\",\"contentUrl\":\"https:\/\/www.francmobiliari.com\/wp-content\/uploads\/2025\/07\/img-placeholder.png\",\"width\":1500,\"height\":1500,\"caption\":\"francmobiliari.com\"},\"image\":{\"@id\":\"https:\/\/www.francmobiliari.com\/#\/schema\/logo\/image\/\"}}]}<\/script>\n<!-- \/ Yoast SEO plugin. -->","yoast_head_json":{"title":"MODELO ADAPTA + Y ADAPTA 2 + - francmobiliari.com","robots":{"index":"index","follow":"follow","max-snippet":"max-snippet:-1","max-image-preview":"max-image-preview:large","max-video-preview":"max-video-preview:-1"},"canonical":"https:\/\/www.francmobiliari.com\/es\/producto\/modelo-adapta-y-adapta-2\/","og_locale":"es_ES","og_type":"article","og_title":"MODELO ADAPTA + Y ADAPTA 2 + - francmobiliari.com","og_description":"FICHA T\u00c9CNICA SERIE ADAPTA PLUS Y ADAPTA 2PLUS  Mesas fabricadas con estructura en forma de \u201cU\u201d invertida para el modelo Adapta Plus y en forma de \u201cO\u201d con perfil cerrado por la parte inferior para el modelo Adapta 2 Plus, con tubo de 60 \u00d7 30 mm para columnas verticales y tubo de 45 \u00d7 45 mm para los travesa\u00f1os horizontales, de 2 mm de grosor. Doble viga central bajo el sobre para unir los laterales. Niveladores para regular la altura \u00b1 15 mm.  Mesas redondas con estructura de pie central y base circular.  Los sobres de mesa elaborados con tablero de melamina de 19 mm de grosor, chapados con canto de PVC de 2 mm. Opcional kits de electrificaci\u00f3n de sobremesa (no en mesas con pie central).  ACABADOS ESTRUCTURA: Aluminio Texturizado, Blanco y Negro Mate.  ACABADOS MELAMINA: Blanco, Gris, Aluminio, Arce Americano, Negro Mate, Roble, Roble Aurora, Roble Azabache o Nogal Siena.","og_url":"https:\/\/www.francmobiliari.com\/es\/producto\/modelo-adapta-y-adapta-2\/","og_site_name":"francmobiliari.com","article_modified_time":"2025-09-10T21:45:33+00:00","og_image":[{"width":1027,"height":805,"url":"https:\/\/www.francmobiliari.com\/wp-content\/uploads\/2025\/07\/MINIATURA-TAULA-DE-REUNIONS-ADAPTA-2.jpg","type":"image\/jpeg"}],"twitter_card":"summary_large_image","schema":{"@context":"https:\/\/schema.org","@graph":[{"@type":"WebPage","@id":"https:\/\/www.francmobiliari.com\/es\/producto\/modelo-adapta-y-adapta-2\/","url":"https:\/\/www.francmobiliari.com\/es\/producto\/modelo-adapta-y-adapta-2\/","name":"MODELO ADAPTA + Y ADAPTA 2 + - francmobiliari.com","isPartOf":{"@id":"https:\/\/www.francmobiliari.com\/#website"},"primaryImageOfPage":{"@id":"https:\/\/www.francmobiliari.com\/es\/producto\/modelo-adapta-y-adapta-2\/#primaryimage"},"image":{"@id":"https:\/\/www.francmobiliari.com\/es\/producto\/modelo-adapta-y-adapta-2\/#primaryimage"},"thumbnailUrl":"https:\/\/www.francmobiliari.com\/wp-content\/uploads\/2025\/07\/MINIATURA-TAULA-DE-REUNIONS-ADAPTA-2.jpg","datePublished":"2025-07-17T15:52:39+00:00","dateModified":"2025-09-10T21:45:33+00:00","breadcrumb":{"@id":"https:\/\/www.francmobiliari.com\/es\/producto\/modelo-adapta-y-adapta-2\/#breadcrumb"},"inLanguage":"es","potentialAction":[{"@type":"ReadAction","target":["https:\/\/www.francmobiliari.com\/es\/producto\/modelo-adapta-y-adapta-2\/"]}]},{"@type":"ImageObject","inLanguage":"es","@id":"https:\/\/www.francmobiliari.com\/es\/producto\/modelo-adapta-y-adapta-2\/#primaryimage","url":"https:\/\/www.francmobiliari.com\/wp-content\/uploads\/2025\/07\/MINIATURA-TAULA-DE-REUNIONS-ADAPTA-2.jpg","contentUrl":"https:\/\/www.francmobiliari.com\/wp-content\/uploads\/2025\/07\/MINIATURA-TAULA-DE-REUNIONS-ADAPTA-2.jpg","width":1027,"height":805},{"@type":"BreadcrumbList","@id":"https:\/\/www.francmobiliari.com\/es\/producto\/modelo-adapta-y-adapta-2\/#breadcrumb","itemListElement":[{"@type":"ListItem","position":1,"name":"Portada","item":"https:\/\/www.francmobiliari.com\/es\/inicio\/"},{"@type":"ListItem","position":2,"name":"Tienda","item":"https:\/\/www.francmobiliari.com\/es\/tienda\/"},{"@type":"ListItem","position":3,"name":"MODELO ADAPTA + Y ADAPTA 2 +"}]},{"@type":"WebSite","@id":"https:\/\/www.francmobiliari.com\/#website","url":"https:\/\/www.francmobiliari.com\/","name":"francmobiliari.com","description":"","publisher":{"@id":"https:\/\/www.francmobiliari.com\/#organization"},"potentialAction":[{"@type":"SearchAction","target":{"@type":"EntryPoint","urlTemplate":"https:\/\/www.francmobiliari.com\/?s={search_term_string}"},"query-input":{"@type":"PropertyValueSpecification","valueRequired":true,"valueName":"search_term_string"}}],"inLanguage":"es"},{"@type":"Organization","@id":"https:\/\/www.francmobiliari.com\/#organization","name":"francmobiliari.com","url":"https:\/\/www.francmobiliari.com\/","logo":{"@type":"ImageObject","inLanguage":"es","@id":"https:\/\/www.francmobiliari.com\/#\/schema\/logo\/image\/","url":"https:\/\/www.francmobiliari.com\/wp-content\/uploads\/2025\/07\/img-placeholder.png","contentUrl":"https:\/\/www.francmobiliari.com\/wp-content\/uploads\/2025\/07\/img-placeholder.png","width":1500,"height":1500,"caption":"francmobiliari.com"},"image":{"@id":"https:\/\/www.francmobiliari.com\/#\/schema\/logo\/image\/"}}]}},"_links":{"self":[{"href":"https:\/\/www.francmobiliari.com\/es\/wp-json\/wp\/v2\/product\/4378","targetHints":{"allow":["GET"]}}],"collection":[{"href":"https:\/\/www.francmobiliari.com\/es\/wp-json\/wp\/v2\/product"}],"about":[{"href":"https:\/\/www.francmobiliari.com\/es\/wp-json\/wp\/v2\/types\/product"}],"wp:featuredmedia":[{"embeddable":true,"href":"https:\/\/www.francmobiliari.com\/es\/wp-json\/wp\/v2\/media\/4128"}],"wp:attachment":[{"href":"https:\/\/www.francmobiliari.com\/es\/wp-json\/wp\/v2\/media?parent=4378"}],"wp:term":[{"taxonomy":"product_brand","embeddable":true,"href":"https:\/\/www.francmobiliari.com\/es\/wp-json\/wp\/v2\/product_brand?post=4378"},{"taxonomy":"product_cat","embeddable":true,"href":"https:\/\/www.francmobiliari.com\/es\/wp-json\/wp\/v2\/product_cat?post=4378"},{"taxonomy":"product_tag","embeddable":true,"href":"https:\/\/www.francmobiliari.com\/es\/wp-json\/wp\/v2\/product_tag?post=4378"}],"curies":[{"name":"wp","href":"https:\/\/api.w.org\/{rel}","templated":true}]}}