{"id":4376,"date":"2025-07-17T17:53:06","date_gmt":"2025-07-17T15:53:06","guid":{"rendered":"https:\/\/www.francmobiliari.com\/producto\/modelo-inspira\/"},"modified":"2025-09-10T23:38:26","modified_gmt":"2025-09-10T21:38:26","slug":"modelo-inspira","status":"publish","type":"product","link":"https:\/\/www.francmobiliari.com\/es\/producto\/modelo-inspira\/","title":{"rendered":"MODELO INSPIRA"},"content":{"rendered":false,"protected":false},"excerpt":{"rendered":"<ul>\n<li><a href=\"\/wp-content\/uploads\/2025\/07\/FITXA-TECNICA-SERIE-INSPIRA-2.pdf\" target=\"_blank\" rel=\"noopener\">FICHA T\u00c9CNICA SERIE INSPIRA<\/a><\/li>\n<\/ul>\n<p>Tablas fabricadas en estructura con perfil de aluminio de extrusi\u00f3n e inyecci\u00f3n. Las patas disponen de un sistema de regulaci\u00f3n de altura entre 62 y 85 cm. Viga central debajo del sobre para unir los laterales. Niveladores para regular altura \u00b110 mm.<\/p>\n<p>Los sobres de mesa elaborados con tablero de melamina 30 mm de espesor, chapado con canto de PVC de 2 mm. Opcional Kits de electrificaci\u00f3n de sobremesa.<\/p>\n<p>ACABADOS ESTRUCTURA : Aluminio RAL 9006 o Cromo.<\/p>\n<p>MELAMINA: Blanco, Gris, Aluminio, Arce Americano, Tinto Mate, Roble, Roble Aurora, Roble Azabache o Noguera Siena.<\/p>\n","protected":false},"featured_media":4196,"template":"","meta":{"_acf_changed":false,"inline_featured_image":false,"_genesis_hide_title":false,"_genesis_hide_breadcrumbs":false,"_genesis_hide_singular_image":false,"_genesis_hide_footer_widgets":false,"_genesis_custom_body_class":"","_genesis_custom_post_class":"","_genesis_layout":"","_links_to":"","_links_to_target":""},"product_brand":[],"product_cat":[75],"product_tag":[],"class_list":{"0":"post-4376","1":"product","2":"type-product","3":"status-publish","4":"has-post-thumbnail","6":"product_cat-mesas-de-reuniones-de-melamina","7":"entry","9":"first","10":"instock","11":"shipping-taxable","12":"product-type-simple"},"acf":[],"yoast_head":"<!-- This site is optimized with the Yoast SEO plugin v26.2 - https:\/\/yoast.com\/wordpress\/plugins\/seo\/ -->\n<title>MODELO INSPIRA - francmobiliari.com<\/title>\n<meta name=\"robots\" content=\"index, follow, max-snippet:-1, max-image-preview:large, max-video-preview:-1\" \/>\n<link rel=\"canonical\" href=\"https:\/\/www.francmobiliari.com\/es\/producto\/modelo-inspira\/\" \/>\n<meta property=\"og:locale\" content=\"es_ES\" \/>\n<meta property=\"og:type\" content=\"article\" \/>\n<meta property=\"og:title\" content=\"MODELO INSPIRA - francmobiliari.com\" \/>\n<meta property=\"og:description\" content=\"FICHA T\u00c9CNICA SERIE INSPIRA  Tablas fabricadas en estructura con perfil de aluminio de extrusi\u00f3n e inyecci\u00f3n. Las patas disponen de un sistema de regulaci\u00f3n de altura entre 62 y 85 cm. Viga central debajo del sobre para unir los laterales. Niveladores para regular altura \u00b110 mm.  Los sobres de mesa elaborados con tablero de melamina 30 mm de espesor, chapado con canto de PVC de 2 mm. Opcional Kits de electrificaci\u00f3n de sobremesa.  ACABADOS ESTRUCTURA : Aluminio RAL 9006 o Cromo.  MELAMINA: Blanco, Gris, Aluminio, Arce Americano, Tinto Mate, Roble, Roble Aurora, Roble Azabache o Noguera Siena.\" \/>\n<meta property=\"og:url\" content=\"https:\/\/www.francmobiliari.com\/es\/producto\/modelo-inspira\/\" \/>\n<meta property=\"og:site_name\" content=\"francmobiliari.com\" \/>\n<meta property=\"article:modified_time\" content=\"2025-09-10T21:38:26+00:00\" \/>\n<meta property=\"og:image\" content=\"https:\/\/www.francmobiliari.com\/wp-content\/uploads\/2025\/07\/MINIATURA-TAULA-DE-REUNIONS-INSPIRA.jpg\" \/>\n\t<meta property=\"og:image:width\" content=\"1014\" \/>\n\t<meta property=\"og:image:height\" content=\"805\" \/>\n\t<meta property=\"og:image:type\" content=\"image\/jpeg\" \/>\n<meta name=\"twitter:card\" content=\"summary_large_image\" \/>\n<script type=\"application\/ld+json\" class=\"yoast-schema-graph\">{\"@context\":\"https:\/\/schema.org\",\"@graph\":[{\"@type\":\"WebPage\",\"@id\":\"https:\/\/www.francmobiliari.com\/es\/producto\/modelo-inspira\/\",\"url\":\"https:\/\/www.francmobiliari.com\/es\/producto\/modelo-inspira\/\",\"name\":\"MODELO INSPIRA - francmobiliari.com\",\"isPartOf\":{\"@id\":\"https:\/\/www.francmobiliari.com\/#website\"},\"primaryImageOfPage\":{\"@id\":\"https:\/\/www.francmobiliari.com\/es\/producto\/modelo-inspira\/#primaryimage\"},\"image\":{\"@id\":\"https:\/\/www.francmobiliari.com\/es\/producto\/modelo-inspira\/#primaryimage\"},\"thumbnailUrl\":\"https:\/\/www.francmobiliari.com\/wp-content\/uploads\/2025\/07\/MINIATURA-TAULA-DE-REUNIONS-INSPIRA.jpg\",\"datePublished\":\"2025-07-17T15:53:06+00:00\",\"dateModified\":\"2025-09-10T21:38:26+00:00\",\"breadcrumb\":{\"@id\":\"https:\/\/www.francmobiliari.com\/es\/producto\/modelo-inspira\/#breadcrumb\"},\"inLanguage\":\"es\",\"potentialAction\":[{\"@type\":\"ReadAction\",\"target\":[\"https:\/\/www.francmobiliari.com\/es\/producto\/modelo-inspira\/\"]}]},{\"@type\":\"ImageObject\",\"inLanguage\":\"es\",\"@id\":\"https:\/\/www.francmobiliari.com\/es\/producto\/modelo-inspira\/#primaryimage\",\"url\":\"https:\/\/www.francmobiliari.com\/wp-content\/uploads\/2025\/07\/MINIATURA-TAULA-DE-REUNIONS-INSPIRA.jpg\",\"contentUrl\":\"https:\/\/www.francmobiliari.com\/wp-content\/uploads\/2025\/07\/MINIATURA-TAULA-DE-REUNIONS-INSPIRA.jpg\",\"width\":1014,\"height\":805},{\"@type\":\"BreadcrumbList\",\"@id\":\"https:\/\/www.francmobiliari.com\/es\/producto\/modelo-inspira\/#breadcrumb\",\"itemListElement\":[{\"@type\":\"ListItem\",\"position\":1,\"name\":\"Portada\",\"item\":\"https:\/\/www.francmobiliari.com\/es\/inicio\/\"},{\"@type\":\"ListItem\",\"position\":2,\"name\":\"Tienda\",\"item\":\"https:\/\/www.francmobiliari.com\/es\/tienda\/\"},{\"@type\":\"ListItem\",\"position\":3,\"name\":\"MODELO INSPIRA\"}]},{\"@type\":\"WebSite\",\"@id\":\"https:\/\/www.francmobiliari.com\/#website\",\"url\":\"https:\/\/www.francmobiliari.com\/\",\"name\":\"francmobiliari.com\",\"description\":\"\",\"publisher\":{\"@id\":\"https:\/\/www.francmobiliari.com\/#organization\"},\"potentialAction\":[{\"@type\":\"SearchAction\",\"target\":{\"@type\":\"EntryPoint\",\"urlTemplate\":\"https:\/\/www.francmobiliari.com\/?s={search_term_string}\"},\"query-input\":{\"@type\":\"PropertyValueSpecification\",\"valueRequired\":true,\"valueName\":\"search_term_string\"}}],\"inLanguage\":\"es\"},{\"@type\":\"Organization\",\"@id\":\"https:\/\/www.francmobiliari.com\/#organization\",\"name\":\"francmobiliari.com\",\"url\":\"https:\/\/www.francmobiliari.com\/\",\"logo\":{\"@type\":\"ImageObject\",\"inLanguage\":\"es\",\"@id\":\"https:\/\/www.francmobiliari.com\/#\/schema\/logo\/image\/\",\"url\":\"https:\/\/www.francmobiliari.com\/wp-content\/uploads\/2025\/07\/img-placeholder.png\",\"contentUrl\":\"https:\/\/www.francmobiliari.com\/wp-content\/uploads\/2025\/07\/img-placeholder.png\",\"width\":1500,\"height\":1500,\"caption\":\"francmobiliari.com\"},\"image\":{\"@id\":\"https:\/\/www.francmobiliari.com\/#\/schema\/logo\/image\/\"}}]}<\/script>\n<!-- \/ Yoast SEO plugin. -->","yoast_head_json":{"title":"MODELO INSPIRA - francmobiliari.com","robots":{"index":"index","follow":"follow","max-snippet":"max-snippet:-1","max-image-preview":"max-image-preview:large","max-video-preview":"max-video-preview:-1"},"canonical":"https:\/\/www.francmobiliari.com\/es\/producto\/modelo-inspira\/","og_locale":"es_ES","og_type":"article","og_title":"MODELO INSPIRA - francmobiliari.com","og_description":"FICHA T\u00c9CNICA SERIE INSPIRA  Tablas fabricadas en estructura con perfil de aluminio de extrusi\u00f3n e inyecci\u00f3n. Las patas disponen de un sistema de regulaci\u00f3n de altura entre 62 y 85 cm. Viga central debajo del sobre para unir los laterales. Niveladores para regular altura \u00b110 mm.  Los sobres de mesa elaborados con tablero de melamina 30 mm de espesor, chapado con canto de PVC de 2 mm. Opcional Kits de electrificaci\u00f3n de sobremesa.  ACABADOS ESTRUCTURA : Aluminio RAL 9006 o Cromo.  MELAMINA: Blanco, Gris, Aluminio, Arce Americano, Tinto Mate, Roble, Roble Aurora, Roble Azabache o Noguera Siena.","og_url":"https:\/\/www.francmobiliari.com\/es\/producto\/modelo-inspira\/","og_site_name":"francmobiliari.com","article_modified_time":"2025-09-10T21:38:26+00:00","og_image":[{"width":1014,"height":805,"url":"https:\/\/www.francmobiliari.com\/wp-content\/uploads\/2025\/07\/MINIATURA-TAULA-DE-REUNIONS-INSPIRA.jpg","type":"image\/jpeg"}],"twitter_card":"summary_large_image","schema":{"@context":"https:\/\/schema.org","@graph":[{"@type":"WebPage","@id":"https:\/\/www.francmobiliari.com\/es\/producto\/modelo-inspira\/","url":"https:\/\/www.francmobiliari.com\/es\/producto\/modelo-inspira\/","name":"MODELO INSPIRA - francmobiliari.com","isPartOf":{"@id":"https:\/\/www.francmobiliari.com\/#website"},"primaryImageOfPage":{"@id":"https:\/\/www.francmobiliari.com\/es\/producto\/modelo-inspira\/#primaryimage"},"image":{"@id":"https:\/\/www.francmobiliari.com\/es\/producto\/modelo-inspira\/#primaryimage"},"thumbnailUrl":"https:\/\/www.francmobiliari.com\/wp-content\/uploads\/2025\/07\/MINIATURA-TAULA-DE-REUNIONS-INSPIRA.jpg","datePublished":"2025-07-17T15:53:06+00:00","dateModified":"2025-09-10T21:38:26+00:00","breadcrumb":{"@id":"https:\/\/www.francmobiliari.com\/es\/producto\/modelo-inspira\/#breadcrumb"},"inLanguage":"es","potentialAction":[{"@type":"ReadAction","target":["https:\/\/www.francmobiliari.com\/es\/producto\/modelo-inspira\/"]}]},{"@type":"ImageObject","inLanguage":"es","@id":"https:\/\/www.francmobiliari.com\/es\/producto\/modelo-inspira\/#primaryimage","url":"https:\/\/www.francmobiliari.com\/wp-content\/uploads\/2025\/07\/MINIATURA-TAULA-DE-REUNIONS-INSPIRA.jpg","contentUrl":"https:\/\/www.francmobiliari.com\/wp-content\/uploads\/2025\/07\/MINIATURA-TAULA-DE-REUNIONS-INSPIRA.jpg","width":1014,"height":805},{"@type":"BreadcrumbList","@id":"https:\/\/www.francmobiliari.com\/es\/producto\/modelo-inspira\/#breadcrumb","itemListElement":[{"@type":"ListItem","position":1,"name":"Portada","item":"https:\/\/www.francmobiliari.com\/es\/inicio\/"},{"@type":"ListItem","position":2,"name":"Tienda","item":"https:\/\/www.francmobiliari.com\/es\/tienda\/"},{"@type":"ListItem","position":3,"name":"MODELO INSPIRA"}]},{"@type":"WebSite","@id":"https:\/\/www.francmobiliari.com\/#website","url":"https:\/\/www.francmobiliari.com\/","name":"francmobiliari.com","description":"","publisher":{"@id":"https:\/\/www.francmobiliari.com\/#organization"},"potentialAction":[{"@type":"SearchAction","target":{"@type":"EntryPoint","urlTemplate":"https:\/\/www.francmobiliari.com\/?s={search_term_string}"},"query-input":{"@type":"PropertyValueSpecification","valueRequired":true,"valueName":"search_term_string"}}],"inLanguage":"es"},{"@type":"Organization","@id":"https:\/\/www.francmobiliari.com\/#organization","name":"francmobiliari.com","url":"https:\/\/www.francmobiliari.com\/","logo":{"@type":"ImageObject","inLanguage":"es","@id":"https:\/\/www.francmobiliari.com\/#\/schema\/logo\/image\/","url":"https:\/\/www.francmobiliari.com\/wp-content\/uploads\/2025\/07\/img-placeholder.png","contentUrl":"https:\/\/www.francmobiliari.com\/wp-content\/uploads\/2025\/07\/img-placeholder.png","width":1500,"height":1500,"caption":"francmobiliari.com"},"image":{"@id":"https:\/\/www.francmobiliari.com\/#\/schema\/logo\/image\/"}}]}},"_links":{"self":[{"href":"https:\/\/www.francmobiliari.com\/es\/wp-json\/wp\/v2\/product\/4376","targetHints":{"allow":["GET"]}}],"collection":[{"href":"https:\/\/www.francmobiliari.com\/es\/wp-json\/wp\/v2\/product"}],"about":[{"href":"https:\/\/www.francmobiliari.com\/es\/wp-json\/wp\/v2\/types\/product"}],"wp:featuredmedia":[{"embeddable":true,"href":"https:\/\/www.francmobiliari.com\/es\/wp-json\/wp\/v2\/media\/4196"}],"wp:attachment":[{"href":"https:\/\/www.francmobiliari.com\/es\/wp-json\/wp\/v2\/media?parent=4376"}],"wp:term":[{"taxonomy":"product_brand","embeddable":true,"href":"https:\/\/www.francmobiliari.com\/es\/wp-json\/wp\/v2\/product_brand?post=4376"},{"taxonomy":"product_cat","embeddable":true,"href":"https:\/\/www.francmobiliari.com\/es\/wp-json\/wp\/v2\/product_cat?post=4376"},{"taxonomy":"product_tag","embeddable":true,"href":"https:\/\/www.francmobiliari.com\/es\/wp-json\/wp\/v2\/product_tag?post=4376"}],"curies":[{"name":"wp","href":"https:\/\/api.w.org\/{rel}","templated":true}]}}